{"id":8476,"date":"2021-10-18T14:53:48","date_gmt":"2021-10-18T12:53:48","guid":{"rendered":"https:\/\/buehler.com\/de\/?page_id=8476"},"modified":"2022-05-23T15:25:15","modified_gmt":"2022-05-23T13:25:15","slug":"rockwell-haertepru%cc%88fer","status":"publish","type":"page","link":"https:\/\/www.buehler.com\/de\/produkte\/haertepruefung\/rockwell-haertepru%cc%88fer\/","title":{"rendered":"Rockwell-H\u00e4rtepru\u0308fer"},"content":{"rendered":"\t\t<div data-elementor-type=\"wp-page\" data-elementor-id=\"8476\" class=\"elementor elementor-8476\" data-elementor-post-type=\"page\">\n\t\t\t\t\t\t<section data-particle_enable=\"false\" data-particle-mobile-disabled=\"false\" class=\"elementor-section elementor-top-section elementor-element elementor-element-6837970 elementor-section-full_width elementor-section-height-default elementor-section-height-default\" data-id=\"6837970\" data-element_type=\"section\" data-e-type=\"section\">\n\t\t\t\t\t\t<div class=\"elementor-container elementor-column-gap-default\">\n\t\t\t\t\t<div class=\"elementor-column elementor-col-100 elementor-top-column elementor-element elementor-element-6be457a8\" data-id=\"6be457a8\" data-element_type=\"column\" data-e-type=\"column\">\n\t\t\t<div class=\"elementor-widget-wrap elementor-element-populated\">\n\t\t\t\t\t\t<div class=\"elementor-element elementor-element-4783fe85 elementor-widget elementor-widget-heading\" data-id=\"4783fe85\" data-element_type=\"widget\" data-e-type=\"widget\" data-widget_type=\"heading.default\">\n\t\t\t\t<div class=\"elementor-widget-container\">\n\t\t\t\t\t<h1 class=\"elementor-heading-title elementor-size-default\">Rockwell-H\u00e4rtepru\u0308fer f\u00fcr die metallografische Probenvorbereitung<\/h1>\t\t\t\t<\/div>\n\t\t\t\t<\/div>\n\t\t\t\t\t<\/div>\n\t\t<\/div>\n\t\t\t\t\t<\/div>\n\t\t<\/section>\n\t\t\t\t<section data-particle_enable=\"false\" data-particle-mobile-disabled=\"false\" class=\"elementor-section elementor-top-section elementor-element elementor-element-2133e50c elementor-section-boxed elementor-section-height-default elementor-section-height-default\" data-id=\"2133e50c\" data-element_type=\"section\" data-e-type=\"section\">\n\t\t\t\t\t\t<div class=\"elementor-container elementor-column-gap-default\">\n\t\t\t\t\t<div class=\"elementor-column elementor-col-100 elementor-top-column elementor-element elementor-element-77d1ed95\" data-id=\"77d1ed95\" data-element_type=\"column\" data-e-type=\"column\">\n\t\t\t<div class=\"elementor-widget-wrap elementor-element-populated\">\n\t\t\t\t\t\t<div class=\"elementor-element elementor-element-7bcb9f06 elementor-widget elementor-widget-text-editor\" data-id=\"7bcb9f06\" data-element_type=\"widget\" data-e-type=\"widget\" data-widget_type=\"text-editor.default\">\n\t\t\t\t<div class=\"elementor-widget-container\">\n\t\t\t\t\t\t\t\t\t<p>Die Rockwell-H\u00e4rtepru\u0308fger\u00e4te der Serie 2000 erreichen das h\u00f6chste Ma\u00df an Tiefenmessgenauigkeit und -aufl\u00f6sung aller Ger\u00e4te auf dem Markt. Als Folge weisen sie die beste Messwiederholbarkeit und Reproduzierbarkeit in der Industrie auf. Das Ger\u00e4t ist in zwei Gr\u00f6\u00dfen mit einer vertikalen Aufnahmeweite von 10 bis 14 Zoll fu\u0308r Pru\u0308flinge unterschiedlicher Gr\u00f6\u00dfe verfu\u0308gbar. Au\u00dferdem kann es fu\u0308r die Rockwell-H\u00e4rteskalen Regular, Superficial und Twin eingerichtet werden.<\/p>\t\t\t\t\t\t\t\t<\/div>\n\t\t\t\t<\/div>\n\t\t\t\t<div class=\"elementor-element elementor-element-2fe638f4 elementor-position-left elementor-vertical-align-middle elementor-widget elementor-widget-image-box\" data-id=\"2fe638f4\" data-element_type=\"widget\" data-e-type=\"widget\" data-widget_type=\"image-box.default\">\n\t\t\t\t<div class=\"elementor-widget-container\">\n\t\t\t\t\t<div class=\"elementor-image-box-wrapper\"><figure class=\"elementor-image-box-img\"><img fetchpriority=\"high\" decoding=\"async\" width=\"600\" height=\"600\" src=\"https:\/\/www.buehler.com\/de\/wp-content\/uploads\/sites\/9\/2021\/10\/R574.png\" class=\"attachment-full size-full wp-image-8538\" alt=\"Wilson\u00ae Rockwell\u00ae 574\" srcset=\"https:\/\/www.buehler.com\/de\/wp-content\/uploads\/sites\/9\/2021\/10\/R574.png 600w, https:\/\/www.buehler.com\/de\/wp-content\/uploads\/sites\/9\/2021\/10\/R574-300x300.png 300w, https:\/\/www.buehler.com\/de\/wp-content\/uploads\/sites\/9\/2021\/10\/R574-150x150.png 150w\" sizes=\"(max-width: 600px) 100vw, 600px\" \/><\/figure><div class=\"elementor-image-box-content\"><h2 class=\"elementor-image-box-title\">Wilson\u00ae Rockwell\u00ae 574<\/h2><p class=\"elementor-image-box-description\">Die Wilson Rockwell-H\u00e4rtepr\u00fcfer Serie 574 bieten sowohl Qualit\u00e4t und Haltbarkeit als auch eine in der Branche f\u00fchrende Messwiederholbarkeit und Reproduzierbarkeit (Gauge R&amp;R). Damit ist das Ger\u00e4t das Beste seiner Art. Das Ger\u00e4t ist f\u00fcr Normal-Rockwell (Regular) oder kombiniert (Twin) lieferbar. Es eignet sich f\u00fcr Pr\u00fcfanwendungen der verschiedensten Art in allen Rockwell-H\u00e4rteskalen (Regular und Superficial) und ist f\u00fcr viele Anwendungen geeignet.<\/p><\/div><\/div>\t\t\t\t<\/div>\n\t\t\t\t<\/div>\n\t\t\t\t<div class=\"elementor-element elementor-element-1eed9522 elementor-align-left elementor-widget elementor-widget-button\" data-id=\"1eed9522\" data-element_type=\"widget\" data-e-type=\"widget\" data-widget_type=\"button.default\">\n\t\t\t\t<div class=\"elementor-widget-container\">\n\t\t\t\t\t\t\t\t\t<div class=\"elementor-button-wrapper\">\n\t\t\t\t\t<a class=\"elementor-button elementor-button-link elementor-size-md\" href=\"https:\/\/www.buehler.com\/de\/produkte\/haertepruefung\/rockwell-haertepru%cc%88fer\/wilson-rockwell-574\/\">\n\t\t\t\t\t\t<span class=\"elementor-button-content-wrapper\">\n\t\t\t\t\t\t\t\t\t<span class=\"elementor-button-text\">Mehr<\/span>\n\t\t\t\t\t<\/span>\n\t\t\t\t\t<\/a>\n\t\t\t\t<\/div>\n\t\t\t\t\t\t\t\t<\/div>\n\t\t\t\t<\/div>\n\t\t\t\t<div class=\"elementor-element elementor-element-670919c7 elementor-position-left elementor-vertical-align-middle elementor-widget elementor-widget-image-box\" data-id=\"670919c7\" data-element_type=\"widget\" data-e-type=\"widget\" data-widget_type=\"image-box.default\">\n\t\t\t\t<div class=\"elementor-widget-container\">\n\t\t\t\t\t<div class=\"elementor-image-box-wrapper\"><figure class=\"elementor-image-box-img\"><img decoding=\"async\" width=\"600\" height=\"600\" src=\"https:\/\/www.buehler.com\/de\/wp-content\/uploads\/sites\/9\/2021\/10\/RH2150_Front.png\" class=\"attachment-full size-full wp-image-8544\" alt=\"Wilson\u00ae RH2150 H\u00e4rtepr\u00fcfger\u00e4t\" srcset=\"https:\/\/www.buehler.com\/de\/wp-content\/uploads\/sites\/9\/2021\/10\/RH2150_Front.png 600w, https:\/\/www.buehler.com\/de\/wp-content\/uploads\/sites\/9\/2021\/10\/RH2150_Front-300x300.png 300w, https:\/\/www.buehler.com\/de\/wp-content\/uploads\/sites\/9\/2021\/10\/RH2150_Front-150x150.png 150w\" sizes=\"(max-width: 600px) 100vw, 600px\" \/><\/figure><div class=\"elementor-image-box-content\"><h3 class=\"elementor-image-box-title\">Wilson\u00ae RH2150 H\u00e4rtepr\u00fcfger\u00e4t<\/h3><p class=\"elementor-image-box-description\">Das H\u00e4rtepr\u00fcfger\u00e4t Wilson RH2150 mit seinem gro\u00dfen Pr\u00fcfskalenumfang wurde f\u00fcr produktionsnahe Labore mit hohem Probenaufkommen und Rockwell-Pr\u00fcfungen in der Fertigung ebenso wie f\u00fcr Forschungseinrichtungen in der ganzen Welt konzipiert. Der RH2150 ist in zwei Gr\u00f6\u00dfen mit einer vertikalen Kapazit\u00e4t von je 254 mm und 356 mm (10\u201c bzw. 14\u201d) erh\u00e4ltlich.<\/p><\/div><\/div>\t\t\t\t<\/div>\n\t\t\t\t<\/div>\n\t\t\t\t<div class=\"elementor-element elementor-element-57087bc1 elementor-align-left elementor-widget elementor-widget-button\" data-id=\"57087bc1\" data-element_type=\"widget\" data-e-type=\"widget\" data-widget_type=\"button.default\">\n\t\t\t\t<div class=\"elementor-widget-container\">\n\t\t\t\t\t\t\t\t\t<div class=\"elementor-button-wrapper\">\n\t\t\t\t\t<a class=\"elementor-button elementor-button-link elementor-size-md\" href=\"https:\/\/www.buehler.com\/de\/produkte\/haertepruefung\/rockwell-haertepru%cc%88fer\/wilson-rh2150-haertepruefgeraet\/\">\n\t\t\t\t\t\t<span class=\"elementor-button-content-wrapper\">\n\t\t\t\t\t\t\t\t\t<span class=\"elementor-button-text\">Mehr<\/span>\n\t\t\t\t\t<\/span>\n\t\t\t\t\t<\/a>\n\t\t\t\t<\/div>\n\t\t\t\t\t\t\t\t<\/div>\n\t\t\t\t<\/div>\n\t\t\t\t\t<\/div>\n\t\t<\/div>\n\t\t\t\t\t<\/div>\n\t\t<\/section>\n\t\t\t\t<\/div>\n\t\t","protected":false},"excerpt":{"rendered":"<p>Rockwell-H\u00e4rtepru\u0308fer f\u00fcr die metallografische Probenvorbereitung Die Rockwell-H\u00e4rtepru\u0308fger\u00e4te der Serie 2000 erreichen das h\u00f6chste Ma\u00df an Tiefenmessgenauigkeit und -aufl\u00f6sung aller Ger\u00e4te auf dem Markt. Als Folge weisen sie die beste Messwiederholbarkeit und Reproduzierbarkeit in der Industrie auf. Das Ger\u00e4t ist in zwei Gr\u00f6\u00dfen mit einer vertikalen Aufnahmeweite von 10 bis 14 Zoll fu\u0308r Pru\u0308flinge unterschiedlicher Gr\u00f6\u00dfe [&hellip;]<\/p>\n","protected":false},"author":1,"featured_media":0,"parent":8474,"menu_order":0,"comment_status":"closed","ping_status":"closed","template":"elementor_header_footer","meta":{"footnotes":""},"class_list":["post-8476","page","type-page","status-publish","hentry"],"_links":{"self":[{"href":"https:\/\/www.buehler.com\/de\/wp-json\/wp\/v2\/pages\/8476","targetHints":{"allow":["GET"]}}],"collection":[{"href":"https:\/\/www.buehler.com\/de\/wp-json\/wp\/v2\/pages"}],"about":[{"href":"https:\/\/www.buehler.com\/de\/wp-json\/wp\/v2\/types\/page"}],"author":[{"embeddable":true,"href":"https:\/\/www.buehler.com\/de\/wp-json\/wp\/v2\/users\/1"}],"replies":[{"embeddable":true,"href":"https:\/\/www.buehler.com\/de\/wp-json\/wp\/v2\/comments?post=8476"}],"version-history":[{"count":13,"href":"https:\/\/www.buehler.com\/de\/wp-json\/wp\/v2\/pages\/8476\/revisions"}],"predecessor-version":[{"id":17663,"href":"https:\/\/www.buehler.com\/de\/wp-json\/wp\/v2\/pages\/8476\/revisions\/17663"}],"up":[{"embeddable":true,"href":"https:\/\/www.buehler.com\/de\/wp-json\/wp\/v2\/pages\/8474"}],"wp:attachment":[{"href":"https:\/\/www.buehler.com\/de\/wp-json\/wp\/v2\/media?parent=8476"}],"curies":[{"name":"wp","href":"https:\/\/api.w.org\/{rel}","templated":true}]}}