{"id":8201,"date":"2021-10-18T06:36:22","date_gmt":"2021-10-18T04:36:22","guid":{"rendered":"https:\/\/buehler.com\/de\/?page_id=8201"},"modified":"2022-05-19T21:16:31","modified_gmt":"2022-05-19T19:16:31","slug":"inverse-industriemikroskope","status":"publish","type":"page","link":"https:\/\/www.buehler.com\/de\/produkte\/bildgebung-und-analyse\/inverse-industriemikroskope\/","title":{"rendered":"Inverse Industriemikroskope"},"content":{"rendered":"\t\t<div data-elementor-type=\"wp-page\" data-elementor-id=\"8201\" class=\"elementor elementor-8201\" data-elementor-post-type=\"page\">\n\t\t\t\t\t\t<section data-particle_enable=\"false\" data-particle-mobile-disabled=\"false\" class=\"elementor-section elementor-top-section elementor-element elementor-element-5a99ea42 elementor-section-full_width elementor-section-height-default elementor-section-height-default\" data-id=\"5a99ea42\" data-element_type=\"section\" data-e-type=\"section\">\n\t\t\t\t\t\t<div class=\"elementor-container elementor-column-gap-default\">\n\t\t\t\t\t<div class=\"elementor-column elementor-col-100 elementor-top-column elementor-element elementor-element-5392b5ea\" data-id=\"5392b5ea\" data-element_type=\"column\" data-e-type=\"column\">\n\t\t\t<div class=\"elementor-widget-wrap elementor-element-populated\">\n\t\t\t\t\t\t<div class=\"elementor-element elementor-element-1ac6d518 elementor-widget elementor-widget-heading\" data-id=\"1ac6d518\" data-element_type=\"widget\" data-e-type=\"widget\" data-widget_type=\"heading.default\">\n\t\t\t\t<div class=\"elementor-widget-container\">\n\t\t\t\t\t<h1 class=\"elementor-heading-title elementor-size-default\">Inverse Industriemikroskope f\u00fcr die metallografische Probenvorbereitung<\/h1>\t\t\t\t<\/div>\n\t\t\t\t<\/div>\n\t\t\t\t\t<\/div>\n\t\t<\/div>\n\t\t\t\t\t<\/div>\n\t\t<\/section>\n\t\t\t\t<section data-particle_enable=\"false\" data-particle-mobile-disabled=\"false\" class=\"elementor-section elementor-top-section elementor-element elementor-element-19a4b820 elementor-section-boxed elementor-section-height-default elementor-section-height-default\" data-id=\"19a4b820\" data-element_type=\"section\" data-e-type=\"section\">\n\t\t\t\t\t\t<div class=\"elementor-container elementor-column-gap-default\">\n\t\t\t\t\t<div class=\"elementor-column elementor-col-100 elementor-top-column elementor-element elementor-element-b9ad389\" data-id=\"b9ad389\" data-element_type=\"column\" data-e-type=\"column\">\n\t\t\t<div class=\"elementor-widget-wrap elementor-element-populated\">\n\t\t\t\t\t\t<div class=\"elementor-element elementor-element-5c6dfd7f elementor-widget elementor-widget-text-editor\" data-id=\"5c6dfd7f\" data-element_type=\"widget\" data-e-type=\"widget\" data-widget_type=\"text-editor.default\">\n\t\t\t\t<div class=\"elementor-widget-container\">\n\t\t\t\t\t\t\t\t\t<p class=\"p1\"><span class=\"Apple-converted-space\">Inverse Mikroskope sind kompakt, langlebig und werden eingesetzt, wenn hohe Vergr\u00f6\u00dferungen gefordert sind. Sie sind ideal fu\u0308r die Analyse von eingebetteten Proben mit flachen Probenoberfl\u00e4chen und fu\u0308r die Nutzung mehrerer Lichtquellen von HF, DF, DIC und POL fu\u0308r unterschiedliche Analysezwecke ausgestattet. <\/span><\/p>\t\t\t\t\t\t\t\t<\/div>\n\t\t\t\t<\/div>\n\t\t\t\t<div class=\"elementor-element elementor-element-1be1acf5 elementor-position-left elementor-vertical-align-middle elementor-widget elementor-widget-image-box\" data-id=\"1be1acf5\" data-element_type=\"widget\" data-e-type=\"widget\" data-widget_type=\"image-box.default\">\n\t\t\t\t<div class=\"elementor-widget-container\">\n\t\t\t\t\t<div class=\"elementor-image-box-wrapper\"><figure class=\"elementor-image-box-img\"><img fetchpriority=\"high\" decoding=\"async\" width=\"600\" height=\"588\" src=\"https:\/\/www.buehler.com\/de\/wp-content\/uploads\/sites\/9\/2021\/10\/Nikon-Eclipse-MA-100-Microscope.jpg\" class=\"attachment-full size-full wp-image-8298\" alt=\"Inverses Mikroskop Nikon Eclipse MA100\" srcset=\"https:\/\/www.buehler.com\/de\/wp-content\/uploads\/sites\/9\/2021\/10\/Nikon-Eclipse-MA-100-Microscope.jpg 600w, https:\/\/www.buehler.com\/de\/wp-content\/uploads\/sites\/9\/2021\/10\/Nikon-Eclipse-MA-100-Microscope-300x294.jpg 300w\" sizes=\"(max-width: 600px) 100vw, 600px\" \/><\/figure><div class=\"elementor-image-box-content\"><h2 class=\"elementor-image-box-title\">Inverses Mikroskop Nikon Eclipse MA100<\/h2><p class=\"elementor-image-box-description\">Das kompakte inverse metallografische Mikroskop Nikon MA100 ist ideal f\u00fcr einfache Untersuchungen mit polarisierendem Licht und im Hellfeld. Die einfache Bedienung und die kompakte Bauweise des inversen metallografischen Mikroskops erm\u00f6glichen den problemlosen Einsatz etwa in der Qualit\u00e4tskontrolle oder in der Werkstoffanalyse vor Ort. Dieses inverser Mikroskop hat eine LED- und Halogenbeleuchtung.<\/p><\/div><\/div>\t\t\t\t<\/div>\n\t\t\t\t<\/div>\n\t\t\t\t<div class=\"elementor-element elementor-element-3bb56401 elementor-align-left elementor-widget elementor-widget-button\" data-id=\"3bb56401\" data-element_type=\"widget\" data-e-type=\"widget\" data-widget_type=\"button.default\">\n\t\t\t\t<div class=\"elementor-widget-container\">\n\t\t\t\t\t\t\t\t\t<div class=\"elementor-button-wrapper\">\n\t\t\t\t\t<a class=\"elementor-button elementor-button-link elementor-size-md\" href=\"https:\/\/www.buehler.com\/de\/produkte\/bildgebung-und-analyse\/inverse-industriemikroskope\/inverses-mikroskop-nikon-eclipse-ma100\/\">\n\t\t\t\t\t\t<span class=\"elementor-button-content-wrapper\">\n\t\t\t\t\t\t\t\t\t<span class=\"elementor-button-text\">Mehr<\/span>\n\t\t\t\t\t<\/span>\n\t\t\t\t\t<\/a>\n\t\t\t\t<\/div>\n\t\t\t\t\t\t\t\t<\/div>\n\t\t\t\t<\/div>\n\t\t\t\t<div class=\"elementor-element elementor-element-36b773ac elementor-position-left elementor-vertical-align-middle elementor-widget elementor-widget-image-box\" data-id=\"36b773ac\" data-element_type=\"widget\" data-e-type=\"widget\" data-widget_type=\"image-box.default\">\n\t\t\t\t<div class=\"elementor-widget-container\">\n\t\t\t\t\t<div class=\"elementor-image-box-wrapper\"><figure class=\"elementor-image-box-img\"><img decoding=\"async\" width=\"600\" height=\"540\" src=\"https:\/\/www.buehler.com\/de\/wp-content\/uploads\/sites\/9\/2021\/10\/Nikon-MA200.jpg\" class=\"attachment-full size-full wp-image-8257\" alt=\"Inverses Mikroskop Nikon MA200 Eclipse\" srcset=\"https:\/\/www.buehler.com\/de\/wp-content\/uploads\/sites\/9\/2021\/10\/Nikon-MA200.jpg 600w, https:\/\/www.buehler.com\/de\/wp-content\/uploads\/sites\/9\/2021\/10\/Nikon-MA200-300x270.jpg 300w\" sizes=\"(max-width: 600px) 100vw, 600px\" \/><\/figure><div class=\"elementor-image-box-content\"><h3 class=\"elementor-image-box-title\">Inverses Mikroskop Nikon Eclipse MA200<\/h3><p class=\"elementor-image-box-description\">Das Nikon Eclipse MA200 ist ein kompaktes und langlebiges inverses metallurgisches Mikroskop f\u00fcr hohe Vergr\u00f6\u00dferungsanforderungen. Dieses inverse Mikroskop in Forschungsqualit\u00e4t ist ideal f\u00fcr flache, eingebettete Proben und ist in den Ausf\u00fchrungen BF, DF, DIC und POL mit Halogenbeleuchtung erh\u00e4ltlich.<\/p><\/div><\/div>\t\t\t\t<\/div>\n\t\t\t\t<\/div>\n\t\t\t\t<div class=\"elementor-element elementor-element-5620225b elementor-align-left elementor-widget elementor-widget-button\" data-id=\"5620225b\" data-element_type=\"widget\" data-e-type=\"widget\" data-widget_type=\"button.default\">\n\t\t\t\t<div class=\"elementor-widget-container\">\n\t\t\t\t\t\t\t\t\t<div class=\"elementor-button-wrapper\">\n\t\t\t\t\t<a class=\"elementor-button elementor-button-link elementor-size-md\" href=\"https:\/\/www.buehler.com\/de\/produkte\/bildgebung-und-analyse\/inverse-industriemikroskope\/inverses-mikroskop-nikon-ma200-eclipse\/\">\n\t\t\t\t\t\t<span class=\"elementor-button-content-wrapper\">\n\t\t\t\t\t\t\t\t\t<span class=\"elementor-button-text\">Mehr<\/span>\n\t\t\t\t\t<\/span>\n\t\t\t\t\t<\/a>\n\t\t\t\t<\/div>\n\t\t\t\t\t\t\t\t<\/div>\n\t\t\t\t<\/div>\n\t\t\t\t\t<\/div>\n\t\t<\/div>\n\t\t\t\t\t<\/div>\n\t\t<\/section>\n\t\t\t\t<\/div>\n\t\t","protected":false},"excerpt":{"rendered":"<p>Inverse Industriemikroskope f\u00fcr die metallografische Probenvorbereitung Inverse Mikroskope sind kompakt, langlebig und werden eingesetzt, wenn hohe Vergr\u00f6\u00dferungen gefordert sind. Sie sind ideal fu\u0308r die Analyse von eingebetteten Proben mit flachen Probenoberfl\u00e4chen und fu\u0308r die Nutzung mehrerer Lichtquellen von HF, DF, DIC und POL fu\u0308r unterschiedliche Analysezwecke ausgestattet. Inverses Mikroskop Nikon Eclipse MA100 Das kompakte inverse [&hellip;]<\/p>\n","protected":false},"author":1,"featured_media":0,"parent":8193,"menu_order":0,"comment_status":"closed","ping_status":"closed","template":"elementor_header_footer","meta":{"footnotes":""},"class_list":["post-8201","page","type-page","status-publish","hentry"],"_links":{"self":[{"href":"https:\/\/www.buehler.com\/de\/wp-json\/wp\/v2\/pages\/8201","targetHints":{"allow":["GET"]}}],"collection":[{"href":"https:\/\/www.buehler.com\/de\/wp-json\/wp\/v2\/pages"}],"about":[{"href":"https:\/\/www.buehler.com\/de\/wp-json\/wp\/v2\/types\/page"}],"author":[{"embeddable":true,"href":"https:\/\/www.buehler.com\/de\/wp-json\/wp\/v2\/users\/1"}],"replies":[{"embeddable":true,"href":"https:\/\/www.buehler.com\/de\/wp-json\/wp\/v2\/comments?post=8201"}],"version-history":[{"count":16,"href":"https:\/\/www.buehler.com\/de\/wp-json\/wp\/v2\/pages\/8201\/revisions"}],"predecessor-version":[{"id":17603,"href":"https:\/\/www.buehler.com\/de\/wp-json\/wp\/v2\/pages\/8201\/revisions\/17603"}],"up":[{"embeddable":true,"href":"https:\/\/www.buehler.com\/de\/wp-json\/wp\/v2\/pages\/8193"}],"wp:attachment":[{"href":"https:\/\/www.buehler.com\/de\/wp-json\/wp\/v2\/media?parent=8201"}],"curies":[{"name":"wp","href":"https:\/\/api.w.org\/{rel}","templated":true}]}}