{"id":6577,"date":"2021-10-11T10:11:10","date_gmt":"2021-10-11T08:11:10","guid":{"rendered":"https:\/\/buehler.com\/de\/?page_id=6577"},"modified":"2022-05-12T17:37:31","modified_gmt":"2022-05-12T15:37:31","slug":"vibrationspoliergeraet","status":"publish","type":"page","link":"https:\/\/www.buehler.com\/de\/produkte\/schleifen-und-polieren\/vibrationspoliergeraet\/","title":{"rendered":"Vibrationspolierger\u00e4t"},"content":{"rendered":"\t\t<div data-elementor-type=\"wp-page\" data-elementor-id=\"6577\" class=\"elementor elementor-6577\" data-elementor-post-type=\"page\">\n\t\t\t\t\t\t<section data-particle_enable=\"false\" data-particle-mobile-disabled=\"false\" class=\"elementor-section elementor-top-section elementor-element elementor-element-25b92726 elementor-section-full_width elementor-section-height-default elementor-section-height-default\" data-id=\"25b92726\" data-element_type=\"section\" data-e-type=\"section\">\n\t\t\t\t\t\t<div class=\"elementor-container elementor-column-gap-default\">\n\t\t\t\t\t<div class=\"elementor-column elementor-col-100 elementor-top-column elementor-element elementor-element-622dcc6c\" data-id=\"622dcc6c\" data-element_type=\"column\" data-e-type=\"column\">\n\t\t\t<div class=\"elementor-widget-wrap elementor-element-populated\">\n\t\t\t\t\t\t<div class=\"elementor-element elementor-element-48a6d58d elementor-widget elementor-widget-heading\" data-id=\"48a6d58d\" data-element_type=\"widget\" data-e-type=\"widget\" data-widget_type=\"heading.default\">\n\t\t\t\t<div class=\"elementor-widget-container\">\n\t\t\t\t\t<h1 class=\"elementor-heading-title elementor-size-default\">Vibrationspolierger\u00e4t f\u00fcr die metallografische Probenvorbereitung<\/h1>\t\t\t\t<\/div>\n\t\t\t\t<\/div>\n\t\t\t\t\t<\/div>\n\t\t<\/div>\n\t\t\t\t\t<\/div>\n\t\t<\/section>\n\t\t\t\t<section data-particle_enable=\"false\" data-particle-mobile-disabled=\"false\" class=\"elementor-section elementor-top-section elementor-element elementor-element-6dcbd969 elementor-section-boxed elementor-section-height-default elementor-section-height-default\" data-id=\"6dcbd969\" data-element_type=\"section\" data-e-type=\"section\">\n\t\t\t\t\t\t<div class=\"elementor-container elementor-column-gap-default\">\n\t\t\t\t\t<div class=\"elementor-column elementor-col-100 elementor-top-column elementor-element elementor-element-78d0bbd2\" data-id=\"78d0bbd2\" data-element_type=\"column\" data-e-type=\"column\">\n\t\t\t<div class=\"elementor-widget-wrap elementor-element-populated\">\n\t\t\t\t\t\t<div class=\"elementor-element elementor-element-75c83599 elementor-widget elementor-widget-text-editor\" data-id=\"75c83599\" data-element_type=\"widget\" data-e-type=\"widget\" data-widget_type=\"text-editor.default\">\n\t\t\t\t<div class=\"elementor-widget-container\">\n\t\t\t\t\t\t\t\t\t<p>Das VibroMet 2 Vibrationspolierger\u00e4t ist fu\u0308r die Pr\u00e4paration qualitativ hochwertiger, polierter Oberfl\u00e4chen fu\u0308r eine Vielzahl an Materialien vorgesehen, einschlie\u00dflich EBSD-Anwendungen. Die mit 7200 Zyklen pro Minute erfolgende horizontale Bewegung sorgt fu\u0308r einen sehr effektiven Poliervorgang mit u\u0308berragenden Ergebnissen, au\u00dfergew\u00f6hnlicher Ebenheit und nahezu deformationsfrei.<\/p>\t\t\t\t\t\t\t\t<\/div>\n\t\t\t\t<\/div>\n\t\t\t\t<div class=\"elementor-element elementor-element-2deffc00 elementor-position-left elementor-vertical-align-middle elementor-widget elementor-widget-image-box\" data-id=\"2deffc00\" data-element_type=\"widget\" data-e-type=\"widget\" data-widget_type=\"image-box.default\">\n\t\t\t\t<div class=\"elementor-widget-container\">\n\t\t\t\t\t<div class=\"elementor-image-box-wrapper\"><figure class=\"elementor-image-box-img\"><img fetchpriority=\"high\" decoding=\"async\" width=\"600\" height=\"600\" src=\"https:\/\/www.buehler.com\/de\/wp-content\/uploads\/sites\/9\/2021\/10\/VibroMet-2.png\" class=\"attachment-full size-full wp-image-6653\" alt=\"VibroMet\u00ae\u00a02 Vibrationspolierger\u00e4t\" srcset=\"https:\/\/www.buehler.com\/de\/wp-content\/uploads\/sites\/9\/2021\/10\/VibroMet-2.png 600w, https:\/\/www.buehler.com\/de\/wp-content\/uploads\/sites\/9\/2021\/10\/VibroMet-2-300x300.png 300w, https:\/\/www.buehler.com\/de\/wp-content\/uploads\/sites\/9\/2021\/10\/VibroMet-2-150x150.png 150w\" sizes=\"(max-width: 600px) 100vw, 600px\" \/><\/figure><div class=\"elementor-image-box-content\"><h2 class=\"elementor-image-box-title\">Vibrationspolierger\u00e4t VibroMet\u2122 2<\/h2><p class=\"elementor-image-box-description\">Das Vibrationspolierger\u00e4t VibroMet 2 ist eine Maschine, die f\u00fcr die Pr\u00e4paration qualitativ hochwertiger, polierter Oberfl\u00e4chen f\u00fcr eine Vielzahl an Werkstoffen ausgelegt ist, einschlie\u00dflich EBSD-Anwendungen. Die mit 7200 Zyklen pro Minute erfolgende horizontale Bewegung sorgt f\u00fcr einen sehr effektiven Poliervorgang mit \u00fcberragenden Ergebnissen, au\u00dfergew\u00f6hnlicher Ebenheit und nahezu deformationsfrei.<\/p><\/div><\/div>\t\t\t\t<\/div>\n\t\t\t\t<\/div>\n\t\t\t\t<div class=\"elementor-element elementor-element-7c018204 elementor-align-left elementor-widget elementor-widget-button\" data-id=\"7c018204\" data-element_type=\"widget\" data-e-type=\"widget\" data-widget_type=\"button.default\">\n\t\t\t\t<div class=\"elementor-widget-container\">\n\t\t\t\t\t\t\t\t\t<div class=\"elementor-button-wrapper\">\n\t\t\t\t\t<a class=\"elementor-button elementor-button-link elementor-size-md\" href=\"https:\/\/www.buehler.com\/de\/produkte\/schleifen-und-polieren\/vibrationspoliergeraet\/vibromet-2-vibrationspoliergeraet\/\">\n\t\t\t\t\t\t<span class=\"elementor-button-content-wrapper\">\n\t\t\t\t\t\t\t\t\t<span class=\"elementor-button-text\">Mehr<\/span>\n\t\t\t\t\t<\/span>\n\t\t\t\t\t<\/a>\n\t\t\t\t<\/div>\n\t\t\t\t\t\t\t\t<\/div>\n\t\t\t\t<\/div>\n\t\t\t\t\t<\/div>\n\t\t<\/div>\n\t\t\t\t\t<\/div>\n\t\t<\/section>\n\t\t\t\t<\/div>\n\t\t","protected":false},"excerpt":{"rendered":"<p>Vibrationspolierger\u00e4t f\u00fcr die metallografische Probenvorbereitung Das VibroMet 2 Vibrationspolierger\u00e4t ist fu\u0308r die Pr\u00e4paration qualitativ hochwertiger, polierter Oberfl\u00e4chen fu\u0308r eine Vielzahl an Materialien vorgesehen, einschlie\u00dflich EBSD-Anwendungen. Die mit 7200 Zyklen pro Minute erfolgende horizontale Bewegung sorgt fu\u0308r einen sehr effektiven Poliervorgang mit u\u0308berragenden Ergebnissen, au\u00dfergew\u00f6hnlicher Ebenheit und nahezu deformationsfrei. Vibrationspolierger\u00e4t VibroMet\u2122 2 Das Vibrationspolierger\u00e4t VibroMet 2 [&hellip;]<\/p>\n","protected":false},"author":1,"featured_media":0,"parent":6554,"menu_order":0,"comment_status":"closed","ping_status":"closed","template":"elementor_header_footer","meta":{"footnotes":""},"class_list":["post-6577","page","type-page","status-publish","hentry"],"_links":{"self":[{"href":"https:\/\/www.buehler.com\/de\/wp-json\/wp\/v2\/pages\/6577","targetHints":{"allow":["GET"]}}],"collection":[{"href":"https:\/\/www.buehler.com\/de\/wp-json\/wp\/v2\/pages"}],"about":[{"href":"https:\/\/www.buehler.com\/de\/wp-json\/wp\/v2\/types\/page"}],"author":[{"embeddable":true,"href":"https:\/\/www.buehler.com\/de\/wp-json\/wp\/v2\/users\/1"}],"replies":[{"embeddable":true,"href":"https:\/\/www.buehler.com\/de\/wp-json\/wp\/v2\/comments?post=6577"}],"version-history":[{"count":13,"href":"https:\/\/www.buehler.com\/de\/wp-json\/wp\/v2\/pages\/6577\/revisions"}],"predecessor-version":[{"id":17286,"href":"https:\/\/www.buehler.com\/de\/wp-json\/wp\/v2\/pages\/6577\/revisions\/17286"}],"up":[{"embeddable":true,"href":"https:\/\/www.buehler.com\/de\/wp-json\/wp\/v2\/pages\/6554"}],"wp:attachment":[{"href":"https:\/\/www.buehler.com\/de\/wp-json\/wp\/v2\/media?parent=6577"}],"curies":[{"name":"wp","href":"https:\/\/api.w.org\/{rel}","templated":true}]}}