{"id":6556,"date":"2021-10-11T10:04:47","date_gmt":"2021-10-11T08:04:47","guid":{"rendered":"https:\/\/buehler.com\/de\/?page_id=6556"},"modified":"2022-05-03T22:20:24","modified_gmt":"2022-05-03T20:20:24","slug":"schleifer-polierer","status":"publish","type":"page","link":"https:\/\/www.buehler.com\/de\/produkte\/schleifen-und-polieren\/schleifer-polierer\/","title":{"rendered":"Schleifer Polierer"},"content":{"rendered":"\t\t<div data-elementor-type=\"wp-page\" data-elementor-id=\"6556\" class=\"elementor elementor-6556\" data-elementor-post-type=\"page\">\n\t\t\t\t\t\t<section data-particle_enable=\"false\" data-particle-mobile-disabled=\"false\" class=\"elementor-section elementor-top-section elementor-element elementor-element-26699cf3 elementor-section-full_width elementor-section-height-default elementor-section-height-default\" data-id=\"26699cf3\" data-element_type=\"section\" data-e-type=\"section\">\n\t\t\t\t\t\t<div class=\"elementor-container elementor-column-gap-default\">\n\t\t\t\t\t<div class=\"elementor-column elementor-col-100 elementor-top-column elementor-element elementor-element-7ceaabd7\" data-id=\"7ceaabd7\" data-element_type=\"column\" data-e-type=\"column\">\n\t\t\t<div class=\"elementor-widget-wrap elementor-element-populated\">\n\t\t\t\t\t\t<div class=\"elementor-element elementor-element-2de42103 elementor-widget elementor-widget-heading\" data-id=\"2de42103\" data-element_type=\"widget\" data-e-type=\"widget\" data-widget_type=\"heading.default\">\n\t\t\t\t<div class=\"elementor-widget-container\">\n\t\t\t\t\t<h1 class=\"elementor-heading-title elementor-size-default\">Schleifer Polierer f\u00fcr die metallografische Probenvorbereitung<\/h1>\t\t\t\t<\/div>\n\t\t\t\t<\/div>\n\t\t\t\t\t<\/div>\n\t\t<\/div>\n\t\t\t\t\t<\/div>\n\t\t<\/section>\n\t\t\t\t<section data-particle_enable=\"false\" data-particle-mobile-disabled=\"false\" class=\"elementor-section elementor-top-section elementor-element elementor-element-772282dd elementor-section-boxed elementor-section-height-default elementor-section-height-default\" data-id=\"772282dd\" data-element_type=\"section\" data-e-type=\"section\">\n\t\t\t\t\t\t<div class=\"elementor-container elementor-column-gap-default\">\n\t\t\t\t\t<div class=\"elementor-column elementor-col-100 elementor-top-column elementor-element elementor-element-4ab2173\" data-id=\"4ab2173\" data-element_type=\"column\" data-e-type=\"column\">\n\t\t\t<div class=\"elementor-widget-wrap elementor-element-populated\">\n\t\t\t\t\t\t<div class=\"elementor-element elementor-element-5969140 elementor-widget elementor-widget-text-editor\" data-id=\"5969140\" data-element_type=\"widget\" data-e-type=\"widget\" data-widget_type=\"text-editor.default\">\n\t\t\t\t<div class=\"elementor-widget-container\">\n\t\t\t\t\t\t\t\t\t<p class=\"p1\"><span class=\"Apple-converted-space\">Buehler bietet ein komplettes Sortiment an einfach zu bedienenden Schleifer Polierer. W\u00e4hlen Sie zwischen den Poliermaschinen EcoMet 30 und AutoMet, um die perfekte L\u00f6sung f\u00fcr Ihr Labor bereitzustellen.<\/span><\/p>\t\t\t\t\t\t\t\t<\/div>\n\t\t\t\t<\/div>\n\t\t\t\t<div class=\"elementor-element elementor-element-d2896c elementor-position-left elementor-vertical-align-middle elementor-widget elementor-widget-image-box\" data-id=\"d2896c\" data-element_type=\"widget\" data-e-type=\"widget\" data-widget_type=\"image-box.default\">\n\t\t\t\t<div class=\"elementor-widget-container\">\n\t\t\t\t\t<div class=\"elementor-image-box-wrapper\"><figure class=\"elementor-image-box-img\"><img fetchpriority=\"high\" decoding=\"async\" width=\"600\" height=\"600\" src=\"https:\/\/www.buehler.com\/de\/wp-content\/uploads\/sites\/9\/2021\/10\/AutoMet-250_Membrane_Front-600x600-1.png\" class=\"attachment-full size-full wp-image-6610\" alt=\"Schleif- und Polierger\u00e4t AutoMet\u00ae 250\" srcset=\"https:\/\/www.buehler.com\/de\/wp-content\/uploads\/sites\/9\/2021\/10\/AutoMet-250_Membrane_Front-600x600-1.png 600w, https:\/\/www.buehler.com\/de\/wp-content\/uploads\/sites\/9\/2021\/10\/AutoMet-250_Membrane_Front-600x600-1-300x300.png 300w, https:\/\/www.buehler.com\/de\/wp-content\/uploads\/sites\/9\/2021\/10\/AutoMet-250_Membrane_Front-600x600-1-150x150.png 150w\" sizes=\"(max-width: 600px) 100vw, 600px\" \/><\/figure><div class=\"elementor-image-box-content\"><h2 class=\"elementor-image-box-title\">Schleif- und Polierger\u00e4t AutoMet\u2122 250<\/h2><p class=\"elementor-image-box-description\">Die Schleif- und Polierger\u00e4te aus der AutoMet-Serie sind f\u00fcr anspruchsvolle Anwendungen in produktionsnahen Laboren ausgelegt. Das AutoMet 250 ist f\u00fcr manuelle oder automatische Probenpr\u00e4paration ausgelegt. Das Ger\u00e4t verbindet einfache Bedienung mit hoher Flexibilit\u00e4t und eignet sich damit hervorragend f\u00fcr eine Vielzahl von Anwendungen. <\/p><\/div><\/div>\t\t\t\t<\/div>\n\t\t\t\t<\/div>\n\t\t\t\t<div class=\"elementor-element elementor-element-506de1fa elementor-align-left elementor-widget elementor-widget-button\" data-id=\"506de1fa\" data-element_type=\"widget\" data-e-type=\"widget\" data-widget_type=\"button.default\">\n\t\t\t\t<div class=\"elementor-widget-container\">\n\t\t\t\t\t\t\t\t\t<div class=\"elementor-button-wrapper\">\n\t\t\t\t\t<a class=\"elementor-button elementor-button-link elementor-size-md\" href=\"https:\/\/www.buehler.com\/de\/produkte\/schleifen-und-polieren\/schleifer-polierer\/schleif-und-poliergeraet-automet-250\/\">\n\t\t\t\t\t\t<span class=\"elementor-button-content-wrapper\">\n\t\t\t\t\t\t\t\t\t<span class=\"elementor-button-text\">Mehr<\/span>\n\t\t\t\t\t<\/span>\n\t\t\t\t\t<\/a>\n\t\t\t\t<\/div>\n\t\t\t\t\t\t\t\t<\/div>\n\t\t\t\t<\/div>\n\t\t\t\t<div class=\"elementor-element elementor-element-12df4130 elementor-position-left elementor-vertical-align-middle elementor-widget elementor-widget-image-box\" data-id=\"12df4130\" data-element_type=\"widget\" data-e-type=\"widget\" data-widget_type=\"image-box.default\">\n\t\t\t\t<div class=\"elementor-widget-container\">\n\t\t\t\t\t<div class=\"elementor-image-box-wrapper\"><figure class=\"elementor-image-box-img\"><img decoding=\"async\" width=\"600\" height=\"600\" src=\"https:\/\/www.buehler.com\/de\/wp-content\/uploads\/sites\/9\/2021\/10\/AutoMet-250_Front_Black-600x600-1.png\" class=\"attachment-full size-full wp-image-6604\" alt=\"Schleif- und Polierger\u00e4t AutoMet\u00ae 250 Pro\" srcset=\"https:\/\/www.buehler.com\/de\/wp-content\/uploads\/sites\/9\/2021\/10\/AutoMet-250_Front_Black-600x600-1.png 600w, https:\/\/www.buehler.com\/de\/wp-content\/uploads\/sites\/9\/2021\/10\/AutoMet-250_Front_Black-600x600-1-300x300.png 300w, https:\/\/www.buehler.com\/de\/wp-content\/uploads\/sites\/9\/2021\/10\/AutoMet-250_Front_Black-600x600-1-150x150.png 150w\" sizes=\"(max-width: 600px) 100vw, 600px\" \/><\/figure><div class=\"elementor-image-box-content\"><h3 class=\"elementor-image-box-title\">Schleif- und Polierger\u00e4t AutoMet\u2122 250 Pro<\/h3><p class=\"elementor-image-box-description\">Die Schleif- und Polierger\u00e4te aus der AutoMet-Serie sind f\u00fcr anspruchsvolle Anwendungen in produktionsnahen Laboren ausgelegt. Das AutoMet 250 Pro ist mit einem Farb-Touchscreen ausgestattet und erm\u00f6glicht eine manuelle oder automatische Probenpr\u00e4paration. Das Ger\u00e4t verbindet einfache Bedienung mit hoher Flexibilit\u00e4t und eignet sich damit hervorragend f\u00fcr eine Vielzahl von Anwendungen.<\/p><\/div><\/div>\t\t\t\t<\/div>\n\t\t\t\t<\/div>\n\t\t\t\t<div class=\"elementor-element elementor-element-5ff91475 elementor-align-left elementor-widget elementor-widget-button\" data-id=\"5ff91475\" data-element_type=\"widget\" data-e-type=\"widget\" data-widget_type=\"button.default\">\n\t\t\t\t<div class=\"elementor-widget-container\">\n\t\t\t\t\t\t\t\t\t<div class=\"elementor-button-wrapper\">\n\t\t\t\t\t<a class=\"elementor-button elementor-button-link elementor-size-md\" href=\"https:\/\/www.buehler.com\/de\/produkte\/schleifen-und-polieren\/schleifer-polierer\/schleif-und-poliergeraet-automet-250-pro\/\">\n\t\t\t\t\t\t<span class=\"elementor-button-content-wrapper\">\n\t\t\t\t\t\t\t\t\t<span class=\"elementor-button-text\">Mehr<\/span>\n\t\t\t\t\t<\/span>\n\t\t\t\t\t<\/a>\n\t\t\t\t<\/div>\n\t\t\t\t\t\t\t\t<\/div>\n\t\t\t\t<\/div>\n\t\t\t\t<div class=\"elementor-element elementor-element-301d98f elementor-position-left elementor-vertical-align-middle elementor-widget elementor-widget-image-box\" data-id=\"301d98f\" data-element_type=\"widget\" data-e-type=\"widget\" data-widget_type=\"image-box.default\">\n\t\t\t\t<div class=\"elementor-widget-container\">\n\t\t\t\t\t<div class=\"elementor-image-box-wrapper\"><figure class=\"elementor-image-box-img\"><img decoding=\"async\" width=\"600\" height=\"600\" src=\"https:\/\/www.buehler.com\/de\/wp-content\/uploads\/sites\/9\/2021\/10\/AutoMet-300-Pro_Front-600x600-1.png\" class=\"attachment-full size-full wp-image-6616\" alt=\"Schleif- und Polierger\u00e4t AutoMet\u2122 300 Pro\" srcset=\"https:\/\/www.buehler.com\/de\/wp-content\/uploads\/sites\/9\/2021\/10\/AutoMet-300-Pro_Front-600x600-1.png 600w, https:\/\/www.buehler.com\/de\/wp-content\/uploads\/sites\/9\/2021\/10\/AutoMet-300-Pro_Front-600x600-1-300x300.png 300w, https:\/\/www.buehler.com\/de\/wp-content\/uploads\/sites\/9\/2021\/10\/AutoMet-300-Pro_Front-600x600-1-150x150.png 150w\" sizes=\"(max-width: 600px) 100vw, 600px\" \/><\/figure><div class=\"elementor-image-box-content\"><h4 class=\"elementor-image-box-title\">Schleif- und Polierger\u00e4t AutoMet\u2122 300 Pro<\/h4><p class=\"elementor-image-box-description\">Die Schleif- und Polierger\u00e4te aus der AutoMet-Serie sind f\u00fcr anspruchsvolle Anwendungen in produktionsnahen Laboren ausgelegt. Das AutoMet 300 Pro ist mit einem Farb-Touchscreen ausgestattet und erm\u00f6glicht eine manuelle oder automatische Probenpr\u00e4paration. Das Ger\u00e4t verbindet einfache Bedienung mit hoher Flexibilit\u00e4t und eignet sich damit hervorragend f\u00fcr eine Vielzahl von Anwendungen.<\/p><\/div><\/div>\t\t\t\t<\/div>\n\t\t\t\t<\/div>\n\t\t\t\t<div class=\"elementor-element elementor-element-533c758 elementor-align-left elementor-widget elementor-widget-button\" data-id=\"533c758\" data-element_type=\"widget\" data-e-type=\"widget\" data-widget_type=\"button.default\">\n\t\t\t\t<div class=\"elementor-widget-container\">\n\t\t\t\t\t\t\t\t\t<div class=\"elementor-button-wrapper\">\n\t\t\t\t\t<a class=\"elementor-button elementor-button-link elementor-size-md\" href=\"https:\/\/www.buehler.com\/de\/produkte\/schleifen-und-polieren\/schleifer-polierer\/schleif-und-poliergeraet-automet-300-pro\/\">\n\t\t\t\t\t\t<span class=\"elementor-button-content-wrapper\">\n\t\t\t\t\t\t\t\t\t<span class=\"elementor-button-text\">Mehr<\/span>\n\t\t\t\t\t<\/span>\n\t\t\t\t\t<\/a>\n\t\t\t\t<\/div>\n\t\t\t\t\t\t\t\t<\/div>\n\t\t\t\t<\/div>\n\t\t\t\t<div class=\"elementor-element elementor-element-10d9a2b elementor-position-left elementor-vertical-align-middle elementor-widget elementor-widget-image-box\" data-id=\"10d9a2b\" data-element_type=\"widget\" data-e-type=\"widget\" data-widget_type=\"image-box.default\">\n\t\t\t\t<div class=\"elementor-widget-container\">\n\t\t\t\t\t<div class=\"elementor-image-box-wrapper\"><figure class=\"elementor-image-box-img\"><img loading=\"lazy\" decoding=\"async\" width=\"600\" height=\"600\" src=\"https:\/\/www.buehler.com\/de\/wp-content\/uploads\/sites\/9\/2021\/10\/EcoMet-30-Front.png\" class=\"attachment-full size-full wp-image-6622\" alt=\"EcoMet 30\u00ae Manuelles einspindliges Schleif- und Polierger\u00e4t\" srcset=\"https:\/\/www.buehler.com\/de\/wp-content\/uploads\/sites\/9\/2021\/10\/EcoMet-30-Front.png 600w, https:\/\/www.buehler.com\/de\/wp-content\/uploads\/sites\/9\/2021\/10\/EcoMet-30-Front-300x300.png 300w, https:\/\/www.buehler.com\/de\/wp-content\/uploads\/sites\/9\/2021\/10\/EcoMet-30-Front-150x150.png 150w\" sizes=\"(max-width: 600px) 100vw, 600px\" \/><\/figure><div class=\"elementor-image-box-content\"><h4 class=\"elementor-image-box-title\">EcoMet 30 Manuelles einspindliges Schleif- und Polierger\u00e4t<\/h4><p class=\"elementor-image-box-description\">Die einspindlige-Schleif-und Polierger\u00e4te EcoMet 30 bieten eine einzigartige Kombination von Leistungsf\u00e4higkeit, Wirtschaftlichkeit und Zuverl\u00e4ssigkeit f\u00fcr Routineaufgaben. Das einspindelige Basisger\u00e4t kann mit einem Automatikaufsatz zu einem halbautomatischen Ger\u00e4t aufger\u00fcstet oder ein EcoMet 30 Autobestellt werden. Alternativ ist das EcoMet 30 auch in zweispindeliger Ausf\u00fchrung erh\u00e4ltlich.<\/p><\/div><\/div>\t\t\t\t<\/div>\n\t\t\t\t<\/div>\n\t\t\t\t<div class=\"elementor-element elementor-element-66ee2ae elementor-align-left elementor-widget elementor-widget-button\" data-id=\"66ee2ae\" data-element_type=\"widget\" data-e-type=\"widget\" data-widget_type=\"button.default\">\n\t\t\t\t<div class=\"elementor-widget-container\">\n\t\t\t\t\t\t\t\t\t<div class=\"elementor-button-wrapper\">\n\t\t\t\t\t<a class=\"elementor-button elementor-button-link elementor-size-md\" href=\"https:\/\/www.buehler.com\/de\/produkte\/schleifen-und-polieren\/schleifer-polierer\/ecomet-30-manuelles-einspindliges-schleif-und-poliergeraet\/\">\n\t\t\t\t\t\t<span class=\"elementor-button-content-wrapper\">\n\t\t\t\t\t\t\t\t\t<span class=\"elementor-button-text\">Mehr<\/span>\n\t\t\t\t\t<\/span>\n\t\t\t\t\t<\/a>\n\t\t\t\t<\/div>\n\t\t\t\t\t\t\t\t<\/div>\n\t\t\t\t<\/div>\n\t\t\t\t<div class=\"elementor-element elementor-element-8a9f8cb elementor-position-left elementor-vertical-align-middle elementor-widget elementor-widget-image-box\" data-id=\"8a9f8cb\" data-element_type=\"widget\" data-e-type=\"widget\" data-widget_type=\"image-box.default\">\n\t\t\t\t<div class=\"elementor-widget-container\">\n\t\t\t\t\t<div class=\"elementor-image-box-wrapper\"><figure class=\"elementor-image-box-img\"><img loading=\"lazy\" decoding=\"async\" width=\"600\" height=\"600\" src=\"https:\/\/www.buehler.com\/de\/wp-content\/uploads\/sites\/9\/2021\/10\/EcoMet-30-Front.png\" class=\"attachment-full size-full wp-image-6622\" alt=\"EcoMet 30\u00ae Manuelles einspindliges Schleif- und Polierger\u00e4t\" srcset=\"https:\/\/www.buehler.com\/de\/wp-content\/uploads\/sites\/9\/2021\/10\/EcoMet-30-Front.png 600w, https:\/\/www.buehler.com\/de\/wp-content\/uploads\/sites\/9\/2021\/10\/EcoMet-30-Front-300x300.png 300w, https:\/\/www.buehler.com\/de\/wp-content\/uploads\/sites\/9\/2021\/10\/EcoMet-30-Front-150x150.png 150w\" sizes=\"(max-width: 600px) 100vw, 600px\" \/><\/figure><div class=\"elementor-image-box-content\"><h4 class=\"elementor-image-box-title\">EcoMet 30 Halbautomatisches ein- oder zweispindliges Schleif- und Polierger\u00e4t<\/h4><p class=\"elementor-image-box-description\">Die EcoMet 30 bietet eine einfache Bedienung f\u00fcr routinem\u00e4\u00dfiges Schleifen und Polieren. Die benutzerfreundliche Touchscreen-Oberfl\u00e4che bringt alle regelm\u00e4\u00dfig verwendeten Funktionen auf den vorderen Bildschirm, ohne komplizierte Men\u00fcs, die den Prozess verl\u00e4ngern k\u00f6nnen. Die auf Knopfdruck gespeicherten Schritte im Hauptmen\u00fc vereinfachen den Abruf h\u00e4ufig verwendeter Einstellungen.<\/p><\/div><\/div>\t\t\t\t<\/div>\n\t\t\t\t<\/div>\n\t\t\t\t<div class=\"elementor-element elementor-element-238d395 elementor-align-left elementor-widget elementor-widget-button\" data-id=\"238d395\" data-element_type=\"widget\" data-e-type=\"widget\" data-widget_type=\"button.default\">\n\t\t\t\t<div class=\"elementor-widget-container\">\n\t\t\t\t\t\t\t\t\t<div class=\"elementor-button-wrapper\">\n\t\t\t\t\t<a class=\"elementor-button elementor-button-link elementor-size-md\" href=\"https:\/\/www.buehler.com\/de\/produkte\/schleifen-und-polieren\/schleifer-polierer\/ecomet-30-halbautomatisches-ein-oder-zweispindliges-schleif-und-poliergeraet\/\">\n\t\t\t\t\t\t<span class=\"elementor-button-content-wrapper\">\n\t\t\t\t\t\t\t\t\t<span class=\"elementor-button-text\">Mehr<\/span>\n\t\t\t\t\t<\/span>\n\t\t\t\t\t<\/a>\n\t\t\t\t<\/div>\n\t\t\t\t\t\t\t\t<\/div>\n\t\t\t\t<\/div>\n\t\t\t\t<div class=\"elementor-element elementor-element-4b0e1cd2 elementor-position-left elementor-vertical-align-middle elementor-widget elementor-widget-image-box\" data-id=\"4b0e1cd2\" data-element_type=\"widget\" data-e-type=\"widget\" data-widget_type=\"image-box.default\">\n\t\t\t\t<div class=\"elementor-widget-container\">\n\t\t\t\t\t<div class=\"elementor-image-box-wrapper\"><figure class=\"elementor-image-box-img\"><img loading=\"lazy\" decoding=\"async\" width=\"600\" height=\"600\" src=\"https:\/\/www.buehler.com\/de\/wp-content\/uploads\/sites\/9\/2021\/10\/MiniMet1000.png\" class=\"attachment-full size-full wp-image-6634\" alt=\"Schleif- und Polierger\u00e4t MiniMet\u00ae 1000\" srcset=\"https:\/\/www.buehler.com\/de\/wp-content\/uploads\/sites\/9\/2021\/10\/MiniMet1000.png 600w, https:\/\/www.buehler.com\/de\/wp-content\/uploads\/sites\/9\/2021\/10\/MiniMet1000-300x300.png 300w, https:\/\/www.buehler.com\/de\/wp-content\/uploads\/sites\/9\/2021\/10\/MiniMet1000-150x150.png 150w\" sizes=\"(max-width: 600px) 100vw, 600px\" \/><\/figure><div class=\"elementor-image-box-content\"><h4 class=\"elementor-image-box-title\">Schleif- und Polierger\u00e4t MiniMet\u2122 1000<\/h4><p class=\"elementor-image-box-description\">Das halbautomatische Schleif- und Polierger\u00e4t MiniMet 1000 ist f\u00fcr die Verarbeitung von Einzelproben bei geringem Probenaufkommen konzipiert und eignet sich f\u00fcr eine Vielzahl von Werkstoffen. Das MiniMet 1000 bereitet mit den drei in sich geschlossenen Pr\u00e4parationswannen und den ber\u00fchrungsempfindlichen Bedienelementen eine Vielzahl von Werkstoffen vor.<\/p><\/div><\/div>\t\t\t\t<\/div>\n\t\t\t\t<\/div>\n\t\t\t\t<div class=\"elementor-element elementor-element-3bc77863 elementor-align-left elementor-widget elementor-widget-button\" data-id=\"3bc77863\" data-element_type=\"widget\" data-e-type=\"widget\" data-widget_type=\"button.default\">\n\t\t\t\t<div class=\"elementor-widget-container\">\n\t\t\t\t\t\t\t\t\t<div class=\"elementor-button-wrapper\">\n\t\t\t\t\t<a class=\"elementor-button elementor-button-link elementor-size-md\" href=\"https:\/\/www.buehler.com\/de\/produkte\/schleifen-und-polieren\/schleifer-polierer\/schleif-und-poliergeraet-minimet-1000\/\">\n\t\t\t\t\t\t<span class=\"elementor-button-content-wrapper\">\n\t\t\t\t\t\t\t\t\t<span class=\"elementor-button-text\">Mehr<\/span>\n\t\t\t\t\t<\/span>\n\t\t\t\t\t<\/a>\n\t\t\t\t<\/div>\n\t\t\t\t\t\t\t\t<\/div>\n\t\t\t\t<\/div>\n\t\t\t\t\t<\/div>\n\t\t<\/div>\n\t\t\t\t\t<\/div>\n\t\t<\/section>\n\t\t\t\t<\/div>\n\t\t","protected":false},"excerpt":{"rendered":"<p>Schleifer Polierer f\u00fcr die metallografische Probenvorbereitung Buehler bietet ein komplettes Sortiment an einfach zu bedienenden Schleifer Polierer. W\u00e4hlen Sie zwischen den Poliermaschinen EcoMet 30 und AutoMet, um die perfekte L\u00f6sung f\u00fcr Ihr Labor bereitzustellen. Schleif- und Polierger\u00e4t AutoMet\u2122 250 Die Schleif- und Polierger\u00e4te aus der AutoMet-Serie sind f\u00fcr anspruchsvolle Anwendungen in produktionsnahen Laboren ausgelegt. Das [&hellip;]<\/p>\n","protected":false},"author":1,"featured_media":0,"parent":6554,"menu_order":0,"comment_status":"closed","ping_status":"closed","template":"elementor_header_footer","meta":{"footnotes":""},"class_list":["post-6556","page","type-page","status-publish","hentry"],"_links":{"self":[{"href":"https:\/\/www.buehler.com\/de\/wp-json\/wp\/v2\/pages\/6556","targetHints":{"allow":["GET"]}}],"collection":[{"href":"https:\/\/www.buehler.com\/de\/wp-json\/wp\/v2\/pages"}],"about":[{"href":"https:\/\/www.buehler.com\/de\/wp-json\/wp\/v2\/types\/page"}],"author":[{"embeddable":true,"href":"https:\/\/www.buehler.com\/de\/wp-json\/wp\/v2\/users\/1"}],"replies":[{"embeddable":true,"href":"https:\/\/www.buehler.com\/de\/wp-json\/wp\/v2\/comments?post=6556"}],"version-history":[{"count":23,"href":"https:\/\/www.buehler.com\/de\/wp-json\/wp\/v2\/pages\/6556\/revisions"}],"predecessor-version":[{"id":17260,"href":"https:\/\/www.buehler.com\/de\/wp-json\/wp\/v2\/pages\/6556\/revisions\/17260"}],"up":[{"embeddable":true,"href":"https:\/\/www.buehler.com\/de\/wp-json\/wp\/v2\/pages\/6554"}],"wp:attachment":[{"href":"https:\/\/www.buehler.com\/de\/wp-json\/wp\/v2\/media?parent=6556"}],"curies":[{"name":"wp","href":"https:\/\/api.w.org\/{rel}","templated":true}]}}