{"id":4910,"date":"2021-09-29T12:19:52","date_gmt":"2021-09-29T10:19:52","guid":{"rendered":"https:\/\/buehler.com\/de\/?page_id=4910"},"modified":"2022-05-02T19:35:31","modified_gmt":"2022-05-02T17:35:31","slug":"kalteinbetten","status":"publish","type":"page","link":"https:\/\/www.buehler.com\/de\/produkte\/einbetten\/kalteinbetten\/","title":{"rendered":"Kalteinbetten"},"content":{"rendered":"\t\t<div data-elementor-type=\"wp-page\" data-elementor-id=\"4910\" class=\"elementor elementor-4910\" data-elementor-post-type=\"page\">\n\t\t\t\t\t\t<section data-particle_enable=\"false\" data-particle-mobile-disabled=\"false\" class=\"elementor-section elementor-top-section elementor-element elementor-element-56fb91bc elementor-section-full_width elementor-section-height-default elementor-section-height-default\" data-id=\"56fb91bc\" data-element_type=\"section\" data-e-type=\"section\">\n\t\t\t\t\t\t<div class=\"elementor-container elementor-column-gap-default\">\n\t\t\t\t\t<div class=\"elementor-column elementor-col-100 elementor-top-column elementor-element elementor-element-277609ae\" data-id=\"277609ae\" data-element_type=\"column\" data-e-type=\"column\">\n\t\t\t<div class=\"elementor-widget-wrap elementor-element-populated\">\n\t\t\t\t\t\t<div class=\"elementor-element elementor-element-13edeb0e elementor-widget elementor-widget-heading\" data-id=\"13edeb0e\" data-element_type=\"widget\" data-e-type=\"widget\" data-widget_type=\"heading.default\">\n\t\t\t\t<div class=\"elementor-widget-container\">\n\t\t\t\t\t<h1 class=\"elementor-heading-title elementor-size-default\">Kalteinbetten Einbettmaschinen f\u00fcr die metallografische Probenvorbereitung<\/h1>\t\t\t\t<\/div>\n\t\t\t\t<\/div>\n\t\t\t\t\t<\/div>\n\t\t<\/div>\n\t\t\t\t\t<\/div>\n\t\t<\/section>\n\t\t\t\t<section data-particle_enable=\"false\" data-particle-mobile-disabled=\"false\" class=\"elementor-section elementor-top-section elementor-element elementor-element-6992795b elementor-section-boxed elementor-section-height-default elementor-section-height-default\" data-id=\"6992795b\" data-element_type=\"section\" data-e-type=\"section\">\n\t\t\t\t\t\t<div class=\"elementor-container elementor-column-gap-default\">\n\t\t\t\t\t<div class=\"elementor-column elementor-col-100 elementor-top-column elementor-element elementor-element-303ece8e\" data-id=\"303ece8e\" data-element_type=\"column\" data-e-type=\"column\">\n\t\t\t<div class=\"elementor-widget-wrap elementor-element-populated\">\n\t\t\t\t\t\t<div class=\"elementor-element elementor-element-cfa2031 elementor-widget elementor-widget-text-editor\" data-id=\"cfa2031\" data-element_type=\"widget\" data-e-type=\"widget\" data-widget_type=\"text-editor.default\">\n\t\t\t\t<div class=\"elementor-widget-container\">\n\t\t\t\t\t\t\t\t\t<p>Unser neues Vakuumsystem bietet eine hervorragende Porenpenetration in einem kompakten Format. Mithilfe Ihrer Druckluftquelle zieht dieses System schnell und effizient ein Vakuum, um eingeschlossene Luft aus por\u00f6sen Pru\u0308fstu\u0308cken zu entfernen, was zu einer optimierten Kantenhaltung und zus\u00e4tzlicher Unterstu\u0308tzung bei der Verarbeitung empfindlicher Pru\u0308fstu\u0308cke fu\u0308hrt.<\/p>\t\t\t\t\t\t\t\t<\/div>\n\t\t\t\t<\/div>\n\t\t\t\t<div class=\"elementor-element elementor-element-50516f1f elementor-position-left elementor-vertical-align-middle elementor-widget elementor-widget-image-box\" data-id=\"50516f1f\" data-element_type=\"widget\" data-e-type=\"widget\" data-widget_type=\"image-box.default\">\n\t\t\t\t<div class=\"elementor-widget-container\">\n\t\t\t\t\t<div class=\"elementor-image-box-wrapper\"><figure class=\"elementor-image-box-img\"><img fetchpriority=\"high\" decoding=\"async\" width=\"600\" height=\"600\" src=\"https:\/\/www.buehler.com\/de\/wp-content\/uploads\/sites\/9\/2021\/08\/SimpliVac-Front.png\" class=\"attachment-full size-full wp-image-1619\" alt=\"Simplivac\u00ae Vakuum-Einbettsystem\" srcset=\"https:\/\/www.buehler.com\/de\/wp-content\/uploads\/sites\/9\/2021\/08\/SimpliVac-Front.png 600w, https:\/\/www.buehler.com\/de\/wp-content\/uploads\/sites\/9\/2021\/08\/SimpliVac-Front-300x300.png 300w, https:\/\/www.buehler.com\/de\/wp-content\/uploads\/sites\/9\/2021\/08\/SimpliVac-Front-150x150.png 150w\" sizes=\"(max-width: 600px) 100vw, 600px\" \/><\/figure><div class=\"elementor-image-box-content\"><h2 class=\"elementor-image-box-title\">SimpliVac\u2122-Vakuum-Einbettsystem<\/h2><p class=\"elementor-image-box-description\">Das neue digitale, programmierbare Vakuumsystem zum Kalteinbetten in Epoxidharz bietet hervorragende Poreneindringung in kompaktem Format. Nach Anschluss an eine Druckluftversorgung erzeugt das Ger\u00e4t schnell und effizient ein Vakuum, um Lufteinschl\u00fcsse in por\u00f6sen Proben zu beseitigen, und sorgt so f\u00fcr hervorragende Kantensch\u00e4rfe und zus\u00e4tzlichen Halt bei der Verarbeitung empfindlicher Proben. <\/p><\/div><\/div>\t\t\t\t<\/div>\n\t\t\t\t<\/div>\n\t\t\t\t<div class=\"elementor-element elementor-element-9753913 elementor-align-left elementor-widget elementor-widget-button\" data-id=\"9753913\" data-element_type=\"widget\" data-e-type=\"widget\" data-widget_type=\"button.default\">\n\t\t\t\t<div class=\"elementor-widget-container\">\n\t\t\t\t\t\t\t\t\t<div class=\"elementor-button-wrapper\">\n\t\t\t\t\t<a class=\"elementor-button elementor-button-link elementor-size-md\" href=\"https:\/\/www.buehler.com\/de\/produkte\/einbetten\/kalteinbetten\/simplivac-vakuum-einbettsystem\/\">\n\t\t\t\t\t\t<span class=\"elementor-button-content-wrapper\">\n\t\t\t\t\t\t\t\t\t<span class=\"elementor-button-text\">Mehr<\/span>\n\t\t\t\t\t<\/span>\n\t\t\t\t\t<\/a>\n\t\t\t\t<\/div>\n\t\t\t\t\t\t\t\t<\/div>\n\t\t\t\t<\/div>\n\t\t\t\t\t<\/div>\n\t\t<\/div>\n\t\t\t\t\t<\/div>\n\t\t<\/section>\n\t\t\t\t<\/div>\n\t\t","protected":false},"excerpt":{"rendered":"<p>Kalteinbetten Einbettmaschinen f\u00fcr die metallografische Probenvorbereitung Unser neues Vakuumsystem bietet eine hervorragende Porenpenetration in einem kompakten Format. Mithilfe Ihrer Druckluftquelle zieht dieses System schnell und effizient ein Vakuum, um eingeschlossene Luft aus por\u00f6sen Pru\u0308fstu\u0308cken zu entfernen, was zu einer optimierten Kantenhaltung und zus\u00e4tzlicher Unterstu\u0308tzung bei der Verarbeitung empfindlicher Pru\u0308fstu\u0308cke fu\u0308hrt. SimpliVac\u2122-Vakuum-Einbettsystem Das neue digitale, programmierbare [&hellip;]<\/p>\n","protected":false},"author":1,"featured_media":0,"parent":4904,"menu_order":0,"comment_status":"closed","ping_status":"closed","template":"elementor_header_footer","meta":{"footnotes":""},"class_list":["post-4910","page","type-page","status-publish","hentry"],"_links":{"self":[{"href":"https:\/\/www.buehler.com\/de\/wp-json\/wp\/v2\/pages\/4910","targetHints":{"allow":["GET"]}}],"collection":[{"href":"https:\/\/www.buehler.com\/de\/wp-json\/wp\/v2\/pages"}],"about":[{"href":"https:\/\/www.buehler.com\/de\/wp-json\/wp\/v2\/types\/page"}],"author":[{"embeddable":true,"href":"https:\/\/www.buehler.com\/de\/wp-json\/wp\/v2\/users\/1"}],"replies":[{"embeddable":true,"href":"https:\/\/www.buehler.com\/de\/wp-json\/wp\/v2\/comments?post=4910"}],"version-history":[{"count":10,"href":"https:\/\/www.buehler.com\/de\/wp-json\/wp\/v2\/pages\/4910\/revisions"}],"predecessor-version":[{"id":17098,"href":"https:\/\/www.buehler.com\/de\/wp-json\/wp\/v2\/pages\/4910\/revisions\/17098"}],"up":[{"embeddable":true,"href":"https:\/\/www.buehler.com\/de\/wp-json\/wp\/v2\/pages\/4904"}],"wp:attachment":[{"href":"https:\/\/www.buehler.com\/de\/wp-json\/wp\/v2\/media?parent=4910"}],"curies":[{"name":"wp","href":"https:\/\/api.w.org\/{rel}","templated":true}]}}