{"id":4908,"date":"2021-09-29T12:18:55","date_gmt":"2021-09-29T10:18:55","guid":{"rendered":"https:\/\/buehler.com\/de\/?page_id=4908"},"modified":"2022-05-02T19:32:30","modified_gmt":"2022-05-02T17:32:30","slug":"warmeinbetten","status":"publish","type":"page","link":"https:\/\/www.buehler.com\/de\/produkte\/einbetten\/warmeinbetten\/","title":{"rendered":"Warmeinbetten"},"content":{"rendered":"\t\t<div data-elementor-type=\"wp-page\" data-elementor-id=\"4908\" class=\"elementor elementor-4908\" data-elementor-post-type=\"page\">\n\t\t\t\t\t\t<section data-particle_enable=\"false\" data-particle-mobile-disabled=\"false\" class=\"elementor-section elementor-top-section elementor-element elementor-element-49c033e elementor-section-full_width elementor-section-height-default elementor-section-height-default\" data-id=\"49c033e\" data-element_type=\"section\" data-e-type=\"section\">\n\t\t\t\t\t\t<div class=\"elementor-container elementor-column-gap-default\">\n\t\t\t\t\t<div class=\"elementor-column elementor-col-100 elementor-top-column elementor-element elementor-element-427aa76b\" data-id=\"427aa76b\" data-element_type=\"column\" data-e-type=\"column\">\n\t\t\t<div class=\"elementor-widget-wrap elementor-element-populated\">\n\t\t\t\t\t\t<div class=\"elementor-element elementor-element-6e70e8f7 elementor-widget elementor-widget-heading\" data-id=\"6e70e8f7\" data-element_type=\"widget\" data-e-type=\"widget\" data-widget_type=\"heading.default\">\n\t\t\t\t<div class=\"elementor-widget-container\">\n\t\t\t\t\t<h1 class=\"elementor-heading-title elementor-size-default\">Warmeinbetten  f\u00fcr die metallografische Probenvorbereitung<\/h1>\t\t\t\t<\/div>\n\t\t\t\t<\/div>\n\t\t\t\t\t<\/div>\n\t\t<\/div>\n\t\t\t\t\t<\/div>\n\t\t<\/section>\n\t\t\t\t<section data-particle_enable=\"false\" data-particle-mobile-disabled=\"false\" class=\"elementor-section elementor-top-section elementor-element elementor-element-3f0f16c4 elementor-section-boxed elementor-section-height-default elementor-section-height-default\" data-id=\"3f0f16c4\" data-element_type=\"section\" data-e-type=\"section\">\n\t\t\t\t\t\t<div class=\"elementor-container elementor-column-gap-default\">\n\t\t\t\t\t<div class=\"elementor-column elementor-col-100 elementor-top-column elementor-element elementor-element-76250ce9\" data-id=\"76250ce9\" data-element_type=\"column\" data-e-type=\"column\">\n\t\t\t<div class=\"elementor-widget-wrap elementor-element-populated\">\n\t\t\t\t\t\t<div class=\"elementor-element elementor-element-4b961f6d elementor-widget elementor-widget-text-editor\" data-id=\"4b961f6d\" data-element_type=\"widget\" data-e-type=\"widget\" data-widget_type=\"text-editor.default\">\n\t\t\t\t<div class=\"elementor-widget-container\">\n\t\t\t\t\t\t\t\t\t<p>Die schnellste Einbettpresse fu\u0308r eine Nutzung rund um die Uhr. Vermeiden Sie Engp\u00e4sse in der Einbettungsphase, indem Sie Ihre Chargen fu\u0308r den Schleif- und Poliervorgang schnell in fertige Proben umwandeln.<\/p>\t\t\t\t\t\t\t\t<\/div>\n\t\t\t\t<\/div>\n\t\t\t\t<div class=\"elementor-element elementor-element-5aad4256 elementor-position-left elementor-vertical-align-middle elementor-widget elementor-widget-image-box\" data-id=\"5aad4256\" data-element_type=\"widget\" data-e-type=\"widget\" data-widget_type=\"image-box.default\">\n\t\t\t\t<div class=\"elementor-widget-container\">\n\t\t\t\t\t<div class=\"elementor-image-box-wrapper\"><figure class=\"elementor-image-box-img\"><img fetchpriority=\"high\" decoding=\"async\" width=\"600\" height=\"600\" src=\"https:\/\/www.buehler.com\/de\/wp-content\/uploads\/sites\/9\/2021\/09\/SimpliMet-4000-compression-mounting-machine.jpg\" class=\"attachment-full size-full wp-image-5026\" alt=\"Einbettpresse SimpliMet\u00ae 4000\" srcset=\"https:\/\/www.buehler.com\/de\/wp-content\/uploads\/sites\/9\/2021\/09\/SimpliMet-4000-compression-mounting-machine.jpg 600w, https:\/\/www.buehler.com\/de\/wp-content\/uploads\/sites\/9\/2021\/09\/SimpliMet-4000-compression-mounting-machine-300x300.jpg 300w, https:\/\/www.buehler.com\/de\/wp-content\/uploads\/sites\/9\/2021\/09\/SimpliMet-4000-compression-mounting-machine-150x150.jpg 150w\" sizes=\"(max-width: 600px) 100vw, 600px\" \/><\/figure><div class=\"elementor-image-box-content\"><h2 class=\"elementor-image-box-title\">Einbettpresse SimpliMet 4000<\/h2><p class=\"elementor-image-box-description\">Die schnellste Einbettpresse f\u00fcr eine Nutzung rund um die Uhr. Vermeiden Sie Engp\u00e4sse in der Einbettungsphase, indem Sie Ihre Chargen f\u00fcr den Schleif- und Poliervorgang schnell in fertige Proben umwandeln. Die Einbettpresse SimpliMet 4000, wurde unter extremen Bedingungen gepr\u00fcft und simulierte den Einbettzyklus der betriebsamsten Labore auf der Welt. Sie weist eine hohe Zuverl\u00e4ssigkeit im Dauerbetrieb auf.<\/p><\/div><\/div>\t\t\t\t<\/div>\n\t\t\t\t<\/div>\n\t\t\t\t<div class=\"elementor-element elementor-element-2bf9e787 elementor-align-left elementor-widget elementor-widget-button\" data-id=\"2bf9e787\" data-element_type=\"widget\" data-e-type=\"widget\" data-widget_type=\"button.default\">\n\t\t\t\t<div class=\"elementor-widget-container\">\n\t\t\t\t\t\t\t\t\t<div class=\"elementor-button-wrapper\">\n\t\t\t\t\t<a class=\"elementor-button elementor-button-link elementor-size-md\" href=\"https:\/\/www.buehler.com\/de\/produkte\/einbetten\/warmeinbetten\/einbettpresse-simplimet-4000\/\">\n\t\t\t\t\t\t<span class=\"elementor-button-content-wrapper\">\n\t\t\t\t\t\t\t\t\t<span class=\"elementor-button-text\">Mehr<\/span>\n\t\t\t\t\t<\/span>\n\t\t\t\t\t<\/a>\n\t\t\t\t<\/div>\n\t\t\t\t\t\t\t\t<\/div>\n\t\t\t\t<\/div>\n\t\t\t\t\t<\/div>\n\t\t<\/div>\n\t\t\t\t\t<\/div>\n\t\t<\/section>\n\t\t\t\t<\/div>\n\t\t","protected":false},"excerpt":{"rendered":"<p>Warmeinbetten f\u00fcr die metallografische Probenvorbereitung Die schnellste Einbettpresse fu\u0308r eine Nutzung rund um die Uhr. Vermeiden Sie Engp\u00e4sse in der Einbettungsphase, indem Sie Ihre Chargen fu\u0308r den Schleif- und Poliervorgang schnell in fertige Proben umwandeln. Einbettpresse SimpliMet 4000 Die schnellste Einbettpresse f\u00fcr eine Nutzung rund um die Uhr. Vermeiden Sie Engp\u00e4sse in der Einbettungsphase, indem [&hellip;]<\/p>\n","protected":false},"author":1,"featured_media":0,"parent":4904,"menu_order":0,"comment_status":"closed","ping_status":"closed","template":"elementor_header_footer","meta":{"footnotes":""},"class_list":["post-4908","page","type-page","status-publish","hentry"],"_links":{"self":[{"href":"https:\/\/www.buehler.com\/de\/wp-json\/wp\/v2\/pages\/4908","targetHints":{"allow":["GET"]}}],"collection":[{"href":"https:\/\/www.buehler.com\/de\/wp-json\/wp\/v2\/pages"}],"about":[{"href":"https:\/\/www.buehler.com\/de\/wp-json\/wp\/v2\/types\/page"}],"author":[{"embeddable":true,"href":"https:\/\/www.buehler.com\/de\/wp-json\/wp\/v2\/users\/1"}],"replies":[{"embeddable":true,"href":"https:\/\/www.buehler.com\/de\/wp-json\/wp\/v2\/comments?post=4908"}],"version-history":[{"count":13,"href":"https:\/\/www.buehler.com\/de\/wp-json\/wp\/v2\/pages\/4908\/revisions"}],"predecessor-version":[{"id":17094,"href":"https:\/\/www.buehler.com\/de\/wp-json\/wp\/v2\/pages\/4908\/revisions\/17094"}],"up":[{"embeddable":true,"href":"https:\/\/www.buehler.com\/de\/wp-json\/wp\/v2\/pages\/4904"}],"wp:attachment":[{"href":"https:\/\/www.buehler.com\/de\/wp-json\/wp\/v2\/media?parent=4908"}],"curies":[{"name":"wp","href":"https:\/\/api.w.org\/{rel}","templated":true}]}}