{"id":4610,"date":"2021-09-23T10:29:33","date_gmt":"2021-09-23T08:29:33","guid":{"rendered":"https:\/\/buehler.com\/de\/?page_id=4610"},"modified":"2022-04-20T23:00:06","modified_gmt":"2022-04-20T21:00:06","slug":"praezisionstrennmaschinen","status":"publish","type":"page","link":"https:\/\/www.buehler.com\/de\/produkte\/trennen\/praezisionstrennmaschinen\/","title":{"rendered":"Pr\u00e4zisionstrennmaschinen"},"content":{"rendered":"\t\t<div data-elementor-type=\"wp-page\" data-elementor-id=\"4610\" class=\"elementor elementor-4610\" data-elementor-post-type=\"page\">\n\t\t\t\t\t\t<section data-particle_enable=\"false\" data-particle-mobile-disabled=\"false\" class=\"elementor-section elementor-top-section elementor-element elementor-element-795337e elementor-section-full_width elementor-section-height-default elementor-section-height-default\" data-id=\"795337e\" data-element_type=\"section\" data-e-type=\"section\">\n\t\t\t\t\t\t<div class=\"elementor-container elementor-column-gap-default\">\n\t\t\t\t\t<div class=\"elementor-column elementor-col-100 elementor-top-column elementor-element elementor-element-5e36b496\" data-id=\"5e36b496\" data-element_type=\"column\" data-e-type=\"column\">\n\t\t\t<div class=\"elementor-widget-wrap elementor-element-populated\">\n\t\t\t\t\t\t<div class=\"elementor-element elementor-element-5fee9d12 elementor-widget elementor-widget-heading\" data-id=\"5fee9d12\" data-element_type=\"widget\" data-e-type=\"widget\" data-widget_type=\"heading.default\">\n\t\t\t\t<div class=\"elementor-widget-container\">\n\t\t\t\t\t<h1 class=\"elementor-heading-title elementor-size-default\">Pr\u00e4zisionstrennmaschinen f\u00fcr die metallografische Probenvorbereitung<\/h1>\t\t\t\t<\/div>\n\t\t\t\t<\/div>\n\t\t\t\t\t<\/div>\n\t\t<\/div>\n\t\t\t\t\t<\/div>\n\t\t<\/section>\n\t\t\t\t<section data-particle_enable=\"false\" data-particle-mobile-disabled=\"false\" class=\"elementor-section elementor-top-section elementor-element elementor-element-773bfdb5 elementor-section-boxed elementor-section-height-default elementor-section-height-default\" data-id=\"773bfdb5\" data-element_type=\"section\" data-e-type=\"section\">\n\t\t\t\t\t\t<div class=\"elementor-container elementor-column-gap-default\">\n\t\t\t\t\t<div class=\"elementor-column elementor-col-100 elementor-top-column elementor-element elementor-element-5fb6e922\" data-id=\"5fb6e922\" data-element_type=\"column\" data-e-type=\"column\">\n\t\t\t<div class=\"elementor-widget-wrap elementor-element-populated\">\n\t\t\t\t\t\t<div class=\"elementor-element elementor-element-1ae8c4 elementor-widget elementor-widget-text-editor\" data-id=\"1ae8c4\" data-element_type=\"widget\" data-e-type=\"widget\" data-widget_type=\"text-editor.default\">\n\t\t\t\t<div class=\"elementor-widget-container\">\n\t\t\t\t\t\t\t\t\t<p>Eine vollst\u00e4ndige Palette von Pr\u00e4zisionstrennmaschinen und Trenns\u00e4gen f\u00fcr metallografische Tests. Die Probenvorbereitung f\u00fcr die Gef\u00fcgeuntersuchung beginnt mit einem Qualit\u00e4tsschnitt. Die richtige Ausr\u00fcstung mit festem und stabilem Visier minimiert die Verformungstiefe auf der Probenoberfl\u00e4che. Die Pr\u00e4zisionss\u00e4gen sparen Zeit, indem sie die Anzahl der Schritte begrenzen, die zum Analysieren von Proben nach dem Schneiden erforderlich sind. Finden Sie unten den richtigen Pr\u00e4zisionsschneider f\u00fcr Ihre Materialpr\u00fcfanwendung.<\/p>\t\t\t\t\t\t\t\t<\/div>\n\t\t\t\t<\/div>\n\t\t\t\t<div class=\"elementor-element elementor-element-1aab2d15 elementor-position-left elementor-vertical-align-middle elementor-widget elementor-widget-image-box\" data-id=\"1aab2d15\" data-element_type=\"widget\" data-e-type=\"widget\" data-widget_type=\"image-box.default\">\n\t\t\t\t<div class=\"elementor-widget-container\">\n\t\t\t\t\t<div class=\"elementor-image-box-wrapper\"><figure class=\"elementor-image-box-img\"><img fetchpriority=\"high\" decoding=\"async\" width=\"600\" height=\"600\" src=\"https:\/\/www.buehler.com\/de\/wp-content\/uploads\/sites\/9\/2021\/08\/IsoMet_HSPro-2.png\" class=\"attachment-full size-full wp-image-3155\" alt=\"IsoMet High Speed und High Speed Pro Pr\u00e4zisionstrennmaschinen\" srcset=\"https:\/\/www.buehler.com\/de\/wp-content\/uploads\/sites\/9\/2021\/08\/IsoMet_HSPro-2.png 600w, https:\/\/www.buehler.com\/de\/wp-content\/uploads\/sites\/9\/2021\/08\/IsoMet_HSPro-2-300x300.png 300w, https:\/\/www.buehler.com\/de\/wp-content\/uploads\/sites\/9\/2021\/08\/IsoMet_HSPro-2-150x150.png 150w\" sizes=\"(max-width: 600px) 100vw, 600px\" \/><\/figure><div class=\"elementor-image-box-content\"><h2 class=\"elementor-image-box-title\">IsoMet High Speed &amp; High Speed Pro Pr\u00e4zisionstrennmaschinen<\/h2><p class=\"elementor-image-box-description\">Der IsoMet High Speed Pro von Buehler ist ein f\u00fcr die Aufstellung auf dem Labortisch vorgesehener Pr\u00e4zisionstrenner, der mit intuitiver Bedienung effiziente und pr\u00e4zise Schnitte erm\u00f6glicht. Die innovativen Maschinen- und Spannstockdesigns erm\u00f6glichen eine schnelle und einfache Einrichtung. Schnelle Ausrichtung der Proben durch den Pr\u00e4zisionslaser, werkzeuglose Einstellung und 3-Achsen-Bewegung der Trennscheibe. Pr\u00e4zise und abrasive Schnittproben werden nun schneller hergestellt, ohne die Schnittqualit\u00e4t zu beeintr\u00e4chtigen. <\/p><\/div><\/div>\t\t\t\t<\/div>\n\t\t\t\t<\/div>\n\t\t\t\t<div class=\"elementor-element elementor-element-5d686f05 elementor-align-left elementor-widget elementor-widget-button\" data-id=\"5d686f05\" data-element_type=\"widget\" data-e-type=\"widget\" data-widget_type=\"button.default\">\n\t\t\t\t<div class=\"elementor-widget-container\">\n\t\t\t\t\t\t\t\t\t<div class=\"elementor-button-wrapper\">\n\t\t\t\t\t<a class=\"elementor-button elementor-button-link elementor-size-md\" href=\"https:\/\/www.buehler.com\/de\/produkte\/trennen\/praezisionstrennmaschinen\/isomet-high-speed-und-high-speed-pro-praezisionstrennmaschinen\/\">\n\t\t\t\t\t\t<span class=\"elementor-button-content-wrapper\">\n\t\t\t\t\t\t\t\t\t<span class=\"elementor-button-text\">Mehr<\/span>\n\t\t\t\t\t<\/span>\n\t\t\t\t\t<\/a>\n\t\t\t\t<\/div>\n\t\t\t\t\t\t\t\t<\/div>\n\t\t\t\t<\/div>\n\t\t\t\t<div class=\"elementor-element elementor-element-4018b675 elementor-position-left elementor-vertical-align-middle elementor-widget elementor-widget-image-box\" data-id=\"4018b675\" data-element_type=\"widget\" data-e-type=\"widget\" data-widget_type=\"image-box.default\">\n\t\t\t\t<div class=\"elementor-widget-container\">\n\t\t\t\t\t<div class=\"elementor-image-box-wrapper\"><figure class=\"elementor-image-box-img\"><img decoding=\"async\" width=\"600\" height=\"485\" src=\"https:\/\/www.buehler.com\/de\/wp-content\/uploads\/sites\/9\/2021\/09\/IsoMet-1000.jpg\" class=\"attachment-full size-full wp-image-3800\" alt=\"IsoMet 1000 Pr\u00e4zisionstrenner\" srcset=\"https:\/\/www.buehler.com\/de\/wp-content\/uploads\/sites\/9\/2021\/09\/IsoMet-1000.jpg 600w, https:\/\/www.buehler.com\/de\/wp-content\/uploads\/sites\/9\/2021\/09\/IsoMet-1000-300x243.jpg 300w\" sizes=\"(max-width: 600px) 100vw, 600px\" \/><\/figure><div class=\"elementor-image-box-content\"><h3 class=\"elementor-image-box-title\">IsoMet 1000 Pr\u00e4zisionstrenner<\/h3><p class=\"elementor-image-box-description\">Der IsoMet 1000 ist ein Pr\u00e4zisionstrenner, mit dem eine breite Palette unterschiedlichster Materialien deformationsfrei getrennt werden. Dieser Pr\u00e4zisionstrennschneider ist f\u00fcr empfindliche Teile ideal, da er ausschlie\u00dflich mit Hilfe von schwerkraftgespeister Kraft arbeitet. Die gro\u00dfe Auswahl an Einspannvorrichtungen f\u00fcr alle Arten von Probenformen und -konfigurationen gen\u00fcgt allen Anforderungen eines modernen Labors an einen Pr\u00e4zisionstrennschneider und bietet die Voraussetzung f\u00fcr ein gezieltes Trennen bei praktisch allen Werkstoffen einschlie\u00dflich spr\u00f6der und duktiler Metalle, Verbundwerkstoffe, Klebstoffe, Laminate, Kunststoffe, elektronische Ger\u00e4te und Biomaterialien.<\/p><\/div><\/div>\t\t\t\t<\/div>\n\t\t\t\t<\/div>\n\t\t\t\t<div class=\"elementor-element elementor-element-4c158b62 elementor-align-left elementor-widget elementor-widget-button\" data-id=\"4c158b62\" data-element_type=\"widget\" data-e-type=\"widget\" data-widget_type=\"button.default\">\n\t\t\t\t<div class=\"elementor-widget-container\">\n\t\t\t\t\t\t\t\t\t<div class=\"elementor-button-wrapper\">\n\t\t\t\t\t<a class=\"elementor-button elementor-button-link elementor-size-md\" href=\"https:\/\/www.buehler.com\/de\/produkte\/trennen\/praezisionstrennmaschinen\/isomet-1000-praezisionstrenner\/\">\n\t\t\t\t\t\t<span class=\"elementor-button-content-wrapper\">\n\t\t\t\t\t\t\t\t\t<span class=\"elementor-button-text\">Mehr<\/span>\n\t\t\t\t\t<\/span>\n\t\t\t\t\t<\/a>\n\t\t\t\t<\/div>\n\t\t\t\t\t\t\t\t<\/div>\n\t\t\t\t<\/div>\n\t\t\t\t<div class=\"elementor-element elementor-element-47052eb elementor-position-left elementor-vertical-align-middle elementor-widget elementor-widget-image-box\" data-id=\"47052eb\" data-element_type=\"widget\" data-e-type=\"widget\" data-widget_type=\"image-box.default\">\n\t\t\t\t<div class=\"elementor-widget-container\">\n\t\t\t\t\t<div class=\"elementor-image-box-wrapper\"><figure class=\"elementor-image-box-img\"><img decoding=\"async\" width=\"600\" height=\"600\" src=\"https:\/\/www.buehler.com\/de\/wp-content\/uploads\/sites\/9\/2021\/09\/IsoMet-Low-Speed-Saw.png\" class=\"attachment-full size-full wp-image-3617\" alt=\"IsoMet\u00ae Low Speed Pr\u00e4zisionstrenner\" srcset=\"https:\/\/www.buehler.com\/de\/wp-content\/uploads\/sites\/9\/2021\/09\/IsoMet-Low-Speed-Saw.png 600w, https:\/\/www.buehler.com\/de\/wp-content\/uploads\/sites\/9\/2021\/09\/IsoMet-Low-Speed-Saw-300x300.png 300w, https:\/\/www.buehler.com\/de\/wp-content\/uploads\/sites\/9\/2021\/09\/IsoMet-Low-Speed-Saw-150x150.png 150w\" sizes=\"(max-width: 600px) 100vw, 600px\" \/><\/figure><div class=\"elementor-image-box-content\"><h4 class=\"elementor-image-box-title\">IsoMet\u2122 Low Speed \u2013 Pr\u00e4zisionstrenner<\/h4><p class=\"elementor-image-box-description\">Der Trennschneider IsoMet Low Speed von Buehler ist ein Pr\u00e4zisionstrenner, der eine breite Palette unterschiedlichster Werkstoffe deformationsfrei trennen kann. Dieser Pr\u00e4zisionstrenner mit niedriger Drehzahl ist f\u00fcr empfindliche Teile bestens geeignet, da er ausschlie\u00dflich mit Hilfe von schwerkraftgespeister Kraft arbeitet. Trennmaschine mit niedriger Drehzahl, die nahezu jeden Werkstoff trennen kann, wie etwa spr\u00f6de oder duktile Metalle, Verbundstoffe, Klebstoffe, Laminate, Kunststoffe, elektronische Ger\u00e4te und Biomaterialien.<\/p><\/div><\/div>\t\t\t\t<\/div>\n\t\t\t\t<\/div>\n\t\t\t\t<div class=\"elementor-element elementor-element-f70c85b elementor-align-left elementor-widget elementor-widget-button\" data-id=\"f70c85b\" data-element_type=\"widget\" data-e-type=\"widget\" data-widget_type=\"button.default\">\n\t\t\t\t<div class=\"elementor-widget-container\">\n\t\t\t\t\t\t\t\t\t<div class=\"elementor-button-wrapper\">\n\t\t\t\t\t<a class=\"elementor-button elementor-button-link elementor-size-md\" href=\"https:\/\/www.buehler.com\/de\/produkte\/trennen\/praezisionstrennmaschinen\/isomet-low-speed-praezisionstrenner\/\">\n\t\t\t\t\t\t<span class=\"elementor-button-content-wrapper\">\n\t\t\t\t\t\t\t\t\t<span class=\"elementor-button-text\">Mehr<\/span>\n\t\t\t\t\t<\/span>\n\t\t\t\t\t<\/a>\n\t\t\t\t<\/div>\n\t\t\t\t\t\t\t\t<\/div>\n\t\t\t\t<\/div>\n\t\t\t\t<div class=\"elementor-element elementor-element-1e0c0ae elementor-position-left elementor-vertical-align-middle elementor-widget elementor-widget-image-box\" data-id=\"1e0c0ae\" data-element_type=\"widget\" data-e-type=\"widget\" data-widget_type=\"image-box.default\">\n\t\t\t\t<div class=\"elementor-widget-container\">\n\t\t\t\t\t<div class=\"elementor-image-box-wrapper\"><figure class=\"elementor-image-box-img\"><img loading=\"lazy\" decoding=\"async\" width=\"600\" height=\"600\" src=\"https:\/\/www.buehler.com\/de\/wp-content\/uploads\/sites\/9\/2021\/09\/Petro-Thin-Inside.png\" class=\"attachment-full size-full wp-image-4008\" alt=\"PetroThin\u00ae D\u00fcnnschliffmaschine\" srcset=\"https:\/\/www.buehler.com\/de\/wp-content\/uploads\/sites\/9\/2021\/09\/Petro-Thin-Inside.png 600w, https:\/\/www.buehler.com\/de\/wp-content\/uploads\/sites\/9\/2021\/09\/Petro-Thin-Inside-300x300.png 300w, https:\/\/www.buehler.com\/de\/wp-content\/uploads\/sites\/9\/2021\/09\/Petro-Thin-Inside-150x150.png 150w\" sizes=\"(max-width: 600px) 100vw, 600px\" \/><\/figure><div class=\"elementor-image-box-content\"><h4 class=\"elementor-image-box-title\">PetroThin \u2013 D\u00fcnnschliffmaschine<\/h4><p class=\"elementor-image-box-description\">Das D\u00fcnnschliffsystem PetroThin ist eine pr\u00e4zises einfach zu bedienende Pr\u00e4zisionsd\u00fcnnschliffmaschine zum wiederholten Trennen und D\u00fcnnschleifen einer Vielzahl von Proben wie z. B. Gestein und Mineralien, Keramik, Beton, Knochen und Z\u00e4hne zur Durchf\u00fchrung einer Werkstoffcharakterisierung. Die Ausf\u00fchrung mit nur einer Spindel gew\u00e4hrleistet die Parallelit\u00e4t der Probenkanten. Der Ausbau des Objekttr\u00e4gers aus der Maschine zwischen Trenn- und Schleifprozess wird dadurch \u00fcberfl\u00fcssig.<\/p><\/div><\/div>\t\t\t\t<\/div>\n\t\t\t\t<\/div>\n\t\t\t\t<div class=\"elementor-element elementor-element-4a058a60 elementor-align-left elementor-widget elementor-widget-button\" data-id=\"4a058a60\" data-element_type=\"widget\" data-e-type=\"widget\" data-widget_type=\"button.default\">\n\t\t\t\t<div class=\"elementor-widget-container\">\n\t\t\t\t\t\t\t\t\t<div class=\"elementor-button-wrapper\">\n\t\t\t\t\t<a class=\"elementor-button elementor-button-link elementor-size-md\" href=\"https:\/\/www.buehler.com\/de\/produkte\/trennen\/praezisionstrennmaschinen\/petrothin-duennschliffmaschine\/\">\n\t\t\t\t\t\t<span class=\"elementor-button-content-wrapper\">\n\t\t\t\t\t\t\t\t\t<span class=\"elementor-button-text\">Mehr<\/span>\n\t\t\t\t\t<\/span>\n\t\t\t\t\t<\/a>\n\t\t\t\t<\/div>\n\t\t\t\t\t\t\t\t<\/div>\n\t\t\t\t<\/div>\n\t\t\t\t\t<\/div>\n\t\t<\/div>\n\t\t\t\t\t<\/div>\n\t\t<\/section>\n\t\t\t\t<\/div>\n\t\t","protected":false},"excerpt":{"rendered":"<p>Pr\u00e4zisionstrennmaschinen f\u00fcr die metallografische Probenvorbereitung Eine vollst\u00e4ndige Palette von Pr\u00e4zisionstrennmaschinen und Trenns\u00e4gen f\u00fcr metallografische Tests. Die Probenvorbereitung f\u00fcr die Gef\u00fcgeuntersuchung beginnt mit einem Qualit\u00e4tsschnitt. Die richtige Ausr\u00fcstung mit festem und stabilem Visier minimiert die Verformungstiefe auf der Probenoberfl\u00e4che. Die Pr\u00e4zisionss\u00e4gen sparen Zeit, indem sie die Anzahl der Schritte begrenzen, die zum Analysieren von Proben nach [&hellip;]<\/p>\n","protected":false},"author":1,"featured_media":0,"parent":2011,"menu_order":0,"comment_status":"closed","ping_status":"closed","template":"elementor_header_footer","meta":{"footnotes":""},"class_list":["post-4610","page","type-page","status-publish","hentry"],"_links":{"self":[{"href":"https:\/\/www.buehler.com\/de\/wp-json\/wp\/v2\/pages\/4610","targetHints":{"allow":["GET"]}}],"collection":[{"href":"https:\/\/www.buehler.com\/de\/wp-json\/wp\/v2\/pages"}],"about":[{"href":"https:\/\/www.buehler.com\/de\/wp-json\/wp\/v2\/types\/page"}],"author":[{"embeddable":true,"href":"https:\/\/www.buehler.com\/de\/wp-json\/wp\/v2\/users\/1"}],"replies":[{"embeddable":true,"href":"https:\/\/www.buehler.com\/de\/wp-json\/wp\/v2\/comments?post=4610"}],"version-history":[{"count":24,"href":"https:\/\/www.buehler.com\/de\/wp-json\/wp\/v2\/pages\/4610\/revisions"}],"predecessor-version":[{"id":16849,"href":"https:\/\/www.buehler.com\/de\/wp-json\/wp\/v2\/pages\/4610\/revisions\/16849"}],"up":[{"embeddable":true,"href":"https:\/\/www.buehler.com\/de\/wp-json\/wp\/v2\/pages\/2011"}],"wp:attachment":[{"href":"https:\/\/www.buehler.com\/de\/wp-json\/wp\/v2\/media?parent=4610"}],"curies":[{"name":"wp","href":"https:\/\/api.w.org\/{rel}","templated":true}]}}