{"id":4188,"date":"2021-09-13T14:35:41","date_gmt":"2021-09-13T12:35:41","guid":{"rendered":"https:\/\/buehler.com\/de\/?page_id=4188"},"modified":"2023-09-26T19:04:06","modified_gmt":"2023-09-26T17:04:06","slug":"trennmaschinen","status":"publish","type":"page","link":"https:\/\/www.buehler.com\/de\/produkte\/trennen\/trennmaschinen\/","title":{"rendered":"Trennmaschinen"},"content":{"rendered":"\t\t<div data-elementor-type=\"wp-page\" data-elementor-id=\"4188\" class=\"elementor elementor-4188\" data-elementor-post-type=\"page\">\n\t\t\t\t\t\t<section data-particle_enable=\"false\" data-particle-mobile-disabled=\"false\" class=\"elementor-section elementor-top-section elementor-element elementor-element-596966aa elementor-section-full_width elementor-section-height-default elementor-section-height-default\" data-id=\"596966aa\" data-element_type=\"section\" data-e-type=\"section\">\n\t\t\t\t\t\t<div class=\"elementor-container elementor-column-gap-default\">\n\t\t\t\t\t<div class=\"elementor-column elementor-col-100 elementor-top-column elementor-element elementor-element-2958d8bf\" data-id=\"2958d8bf\" data-element_type=\"column\" data-e-type=\"column\">\n\t\t\t<div class=\"elementor-widget-wrap elementor-element-populated\">\n\t\t\t\t\t\t<div class=\"elementor-element elementor-element-658e804d elementor-widget elementor-widget-heading\" data-id=\"658e804d\" data-element_type=\"widget\" data-e-type=\"widget\" data-widget_type=\"heading.default\">\n\t\t\t\t<div class=\"elementor-widget-container\">\n\t\t\t\t\t<h1 class=\"elementor-heading-title elementor-size-default\">Trennmaschinen f\u00fcr die metallografische Probenvorbereitung<\/h1>\t\t\t\t<\/div>\n\t\t\t\t<\/div>\n\t\t\t\t\t<\/div>\n\t\t<\/div>\n\t\t\t\t\t<\/div>\n\t\t<\/section>\n\t\t\t\t<section data-particle_enable=\"false\" data-particle-mobile-disabled=\"false\" class=\"elementor-section elementor-top-section elementor-element elementor-element-3de074aa elementor-section-boxed elementor-section-height-default elementor-section-height-default\" data-id=\"3de074aa\" data-element_type=\"section\" data-e-type=\"section\">\n\t\t\t\t\t\t<div class=\"elementor-container elementor-column-gap-default\">\n\t\t\t\t\t<div class=\"elementor-column elementor-col-100 elementor-top-column elementor-element elementor-element-14a5e0cb\" data-id=\"14a5e0cb\" data-element_type=\"column\" data-e-type=\"column\">\n\t\t\t<div class=\"elementor-widget-wrap elementor-element-populated\">\n\t\t\t\t\t\t<div class=\"elementor-element elementor-element-5c97376c elementor-widget elementor-widget-text-editor\" data-id=\"5c97376c\" data-element_type=\"widget\" data-e-type=\"widget\" data-widget_type=\"text-editor.default\">\n\t\t\t\t<div class=\"elementor-widget-container\">\n\t\t\t\t\t\t\t\t\t<p>Ein vollst\u00e4ndiges Sortiment an trennmaschinen- und Trenns\u00e4gen f\u00fcr metallografische Tests. Die Probenvorbereitung f\u00fcr die Gef\u00fcgeuntersuchung beginnt mit einem Qualit\u00e4tsschnitt. Die richtige Ausr\u00fcstung mit festem und stabilem Visier minimiert die Verformungstiefe auf der Probenoberfl\u00e4che. Die abrasiven und pr\u00e4zisen S\u00e4gen sparen Zeit, indem sie die Anzahl der Schritte begrenzen, die zum Analysieren von Proben nach dem Schneiden erforderlich sind. Unten finden Sie das richtige Trennschleif-, Pr\u00e4zisions- oder Trennschleifer-Verbrauchsmaterialprodukt f\u00fcr Ihre Materialpr\u00fcfungsanwendung.<\/p>\t\t\t\t\t\t\t\t<\/div>\n\t\t\t\t<\/div>\n\t\t\t\t<div class=\"elementor-element elementor-element-2b5f08c3 elementor-position-left elementor-vertical-align-middle elementor-widget elementor-widget-image-box\" data-id=\"2b5f08c3\" data-element_type=\"widget\" data-e-type=\"widget\" data-widget_type=\"image-box.default\">\n\t\t\t\t<div class=\"elementor-widget-container\">\n\t\t\t\t\t<div class=\"elementor-image-box-wrapper\"><figure class=\"elementor-image-box-img\"><img fetchpriority=\"high\" decoding=\"async\" width=\"600\" height=\"600\" src=\"https:\/\/www.buehler.com\/de\/wp-content\/uploads\/sites\/9\/2023\/09\/AbrasiMet-L-Pro-3qtrs.png\" class=\"attachment-full size-full wp-image-19007\" alt=\"AbrasiMet\u00ae\u00a0L Pro Automatische Trennschleifs\u00e4ge\" srcset=\"https:\/\/www.buehler.com\/de\/wp-content\/uploads\/sites\/9\/2023\/09\/AbrasiMet-L-Pro-3qtrs.png 600w, https:\/\/www.buehler.com\/de\/wp-content\/uploads\/sites\/9\/2023\/09\/AbrasiMet-L-Pro-3qtrs-300x300.png 300w, https:\/\/www.buehler.com\/de\/wp-content\/uploads\/sites\/9\/2023\/09\/AbrasiMet-L-Pro-3qtrs-150x150.png 150w\" sizes=\"(max-width: 600px) 100vw, 600px\" \/><\/figure><div class=\"elementor-image-box-content\"><h2 class=\"elementor-image-box-title\">AbrasiMet<sup>\u00ae<\/sup> L Pro Automatische Trennschleifmaschine<\/h2><p class=\"elementor-image-box-description\">Die automatische Trennschleifmaschine AbrasiMet L Pro ist eine 14\u2033-Hochleistungs-Trenns\u00e4ge, die intuitiv, fortschrittlich und zuverl\u00e4ssig ist. Ob als Tisch- oder Standtrennmaschine, wir haben die richtige L\u00f6sung f\u00fcr Ihre Bed\u00fcrfnisse. Kombiniert mit Schleifscheiben von Buehler ergibt sich eine komplette Trennl\u00f6sung f\u00fcr optimale Probenqualit\u00e4t und reduzierte Bearbeitungszeit.<\/p><\/div><\/div>\t\t\t\t<\/div>\n\t\t\t\t<\/div>\n\t\t\t\t<div class=\"elementor-element elementor-element-25d0038b elementor-align-left elementor-widget elementor-widget-button\" data-id=\"25d0038b\" data-element_type=\"widget\" data-e-type=\"widget\" data-widget_type=\"button.default\">\n\t\t\t\t<div class=\"elementor-widget-container\">\n\t\t\t\t\t\t\t\t\t<div class=\"elementor-button-wrapper\">\n\t\t\t\t\t<a class=\"elementor-button elementor-button-link elementor-size-md\" href=\"https:\/\/www.buehler.com\/de\/produkte\/trennen\/trennmaschinen\/abrasimet-l-pro-automatische-trennschleifsaege\/\">\n\t\t\t\t\t\t<span class=\"elementor-button-content-wrapper\">\n\t\t\t\t\t\t\t\t\t<span class=\"elementor-button-text\">Mehr<\/span>\n\t\t\t\t\t<\/span>\n\t\t\t\t\t<\/a>\n\t\t\t\t<\/div>\n\t\t\t\t\t\t\t\t<\/div>\n\t\t\t\t<\/div>\n\t\t\t\t<div class=\"elementor-element elementor-element-8b5fafd elementor-position-left elementor-vertical-align-middle elementor-widget elementor-widget-image-box\" data-id=\"8b5fafd\" data-element_type=\"widget\" data-e-type=\"widget\" data-widget_type=\"image-box.default\">\n\t\t\t\t<div class=\"elementor-widget-container\">\n\t\t\t\t\t<div class=\"elementor-image-box-wrapper\"><figure class=\"elementor-image-box-img\"><img decoding=\"async\" width=\"600\" height=\"600\" src=\"https:\/\/www.buehler.com\/de\/wp-content\/uploads\/sites\/9\/2021\/07\/AbrasiMet-XL-Pro-Front.png\" class=\"attachment-full size-full wp-image-1058\" alt=\"AbrasiMet\u00ae XL Pro bodenstehender automatischer Trennschneider\" srcset=\"https:\/\/www.buehler.com\/de\/wp-content\/uploads\/sites\/9\/2021\/07\/AbrasiMet-XL-Pro-Front.png 600w, https:\/\/www.buehler.com\/de\/wp-content\/uploads\/sites\/9\/2021\/07\/AbrasiMet-XL-Pro-Front-300x300.png 300w, https:\/\/www.buehler.com\/de\/wp-content\/uploads\/sites\/9\/2021\/07\/AbrasiMet-XL-Pro-Front-150x150.png 150w\" sizes=\"(max-width: 600px) 100vw, 600px\" \/><\/figure><div class=\"elementor-image-box-content\"><h2 class=\"elementor-image-box-title\">AbrasiMet<sup>\u00ae<\/sup>  XL Pro bodenstehender automatischer Trennschneider<\/h2><p class=\"elementor-image-box-description\">Die AbrasiMet XL Pro ist ein automatischer abrasiver Trennschneider in Bodenausf\u00fchrung f\u00fcr Trennscheiben mit Durchmessern von 356 \u2013 457 mm [14\" - 18\"], der eine gleichbleibende und wiederholbare Schnittqualit\u00e4t bei gr\u00f6\u00dferen Proben mit h\u00f6heren Durchmessern gew\u00e4hrleistet.<\/p><\/div><\/div>\t\t\t\t<\/div>\n\t\t\t\t<\/div>\n\t\t\t\t<div class=\"elementor-element elementor-element-c19f82d elementor-align-left elementor-widget elementor-widget-button\" data-id=\"c19f82d\" data-element_type=\"widget\" data-e-type=\"widget\" data-widget_type=\"button.default\">\n\t\t\t\t<div class=\"elementor-widget-container\">\n\t\t\t\t\t\t\t\t\t<div class=\"elementor-button-wrapper\">\n\t\t\t\t\t<a class=\"elementor-button elementor-button-link elementor-size-md\" href=\"https:\/\/www.buehler.com\/de\/produkte\/trennen\/trennmaschinen\/abrasimet-xl-pro-bodenstehender-automatischer-trennschneider\/\">\n\t\t\t\t\t\t<span class=\"elementor-button-content-wrapper\">\n\t\t\t\t\t\t\t\t\t<span class=\"elementor-button-text\">Mehr<\/span>\n\t\t\t\t\t<\/span>\n\t\t\t\t\t<\/a>\n\t\t\t\t<\/div>\n\t\t\t\t\t\t\t\t<\/div>\n\t\t\t\t<\/div>\n\t\t\t\t<div class=\"elementor-element elementor-element-187112ba elementor-position-left elementor-vertical-align-middle elementor-widget elementor-widget-image-box\" data-id=\"187112ba\" data-element_type=\"widget\" data-e-type=\"widget\" data-widget_type=\"image-box.default\">\n\t\t\t\t<div class=\"elementor-widget-container\">\n\t\t\t\t\t<div class=\"elementor-image-box-wrapper\"><figure class=\"elementor-image-box-img\"><img decoding=\"async\" width=\"600\" height=\"600\" src=\"https:\/\/www.buehler.com\/de\/wp-content\/uploads\/sites\/9\/2021\/08\/AbrasiMet-M_Front.png\" class=\"attachment-full size-full wp-image-1856\" alt=\"AbrasiMet\u00ae\u00a0M manueller Tischtrennschneider\" srcset=\"https:\/\/www.buehler.com\/de\/wp-content\/uploads\/sites\/9\/2021\/08\/AbrasiMet-M_Front.png 600w, https:\/\/www.buehler.com\/de\/wp-content\/uploads\/sites\/9\/2021\/08\/AbrasiMet-M_Front-300x300.png 300w, https:\/\/www.buehler.com\/de\/wp-content\/uploads\/sites\/9\/2021\/08\/AbrasiMet-M_Front-150x150.png 150w\" sizes=\"(max-width: 600px) 100vw, 600px\" \/><\/figure><div class=\"elementor-image-box-content\"><h3 class=\"elementor-image-box-title\">AbrasiMet<sup>\u00ae<\/sup>  M manueller Tischtrennschneider<\/h3><p class=\"elementor-image-box-description\">Der Trennschneider AbrasiMet M ist ein Trennger\u00e4t f\u00fcr den Labortisch. Ausgestattet mit 254 mm [10\"] und 305 mm [12\"] gro\u00dfen Trennscheiben gew\u00e4hrleistet das Ger\u00e4t gleichm\u00e4\u00dfige Trennvorg\u00e4nge.<\/p><\/div><\/div>\t\t\t\t<\/div>\n\t\t\t\t<\/div>\n\t\t\t\t<div class=\"elementor-element elementor-element-392655dc elementor-align-left elementor-widget elementor-widget-button\" data-id=\"392655dc\" data-element_type=\"widget\" data-e-type=\"widget\" data-widget_type=\"button.default\">\n\t\t\t\t<div class=\"elementor-widget-container\">\n\t\t\t\t\t\t\t\t\t<div class=\"elementor-button-wrapper\">\n\t\t\t\t\t<a class=\"elementor-button elementor-button-link elementor-size-md\" href=\"https:\/\/www.buehler.com\/de\/produkte\/trennen\/trennmaschinen\/abrasimet-m-manueller-tischtrennschneider\/\">\n\t\t\t\t\t\t<span class=\"elementor-button-content-wrapper\">\n\t\t\t\t\t\t\t\t\t<span class=\"elementor-button-text\">Mehr<\/span>\n\t\t\t\t\t<\/span>\n\t\t\t\t\t<\/a>\n\t\t\t\t<\/div>\n\t\t\t\t\t\t\t\t<\/div>\n\t\t\t\t<\/div>\n\t\t\t\t<div class=\"elementor-element elementor-element-cd73fb6 elementor-position-left elementor-vertical-align-middle elementor-widget elementor-widget-image-box\" data-id=\"cd73fb6\" data-element_type=\"widget\" data-e-type=\"widget\" data-widget_type=\"image-box.default\">\n\t\t\t\t<div class=\"elementor-widget-container\">\n\t\t\t\t\t<div class=\"elementor-image-box-wrapper\"><figure class=\"elementor-image-box-img\"><img loading=\"lazy\" decoding=\"async\" width=\"600\" height=\"600\" src=\"https:\/\/www.buehler.com\/de\/wp-content\/uploads\/sites\/9\/2021\/08\/AbrasiMatic-300_600x600.jpg\" class=\"attachment-full size-full wp-image-1913\" alt=\"AbrasiMatic 300 Manual Abrasive Cutter\" srcset=\"https:\/\/www.buehler.com\/de\/wp-content\/uploads\/sites\/9\/2021\/08\/AbrasiMatic-300_600x600.jpg 600w, https:\/\/www.buehler.com\/de\/wp-content\/uploads\/sites\/9\/2021\/08\/AbrasiMatic-300_600x600-300x300.jpg 300w, https:\/\/www.buehler.com\/de\/wp-content\/uploads\/sites\/9\/2021\/08\/AbrasiMatic-300_600x600-150x150.jpg 150w\" sizes=\"(max-width: 600px) 100vw, 600px\" \/><\/figure><div class=\"elementor-image-box-content\"><h4 class=\"elementor-image-box-title\">Automatischer und manueller Abrasivtrennschneider AbrasiMatic<sup>\u00ae<\/sup>  300<\/h4><p class=\"elementor-image-box-description\">Der AbrasiMatic 300 ist ein dualer Abrasivtrennschneider f\u00fcr den Labortisch. Der Abrasivtrennschneider erm\u00f6glicht mit dem manuellen und automatischen Abrasivtrennmodus eine vielf\u00e4ltige Probenpr\u00e4paration, um einen optimalen Trennprozess f\u00fcr jeden Werkstoff zu gew\u00e4hrleisten. Manueller und automatischer Abrasivtrennschneider mit Edelstahlbett mit T-Nut f\u00fcr Schleifvorg\u00e4nge.<\/p><\/div><\/div>\t\t\t\t<\/div>\n\t\t\t\t<\/div>\n\t\t\t\t<div class=\"elementor-element elementor-element-cc4b6c6 elementor-align-left elementor-widget elementor-widget-button\" data-id=\"cc4b6c6\" data-element_type=\"widget\" data-e-type=\"widget\" data-widget_type=\"button.default\">\n\t\t\t\t<div class=\"elementor-widget-container\">\n\t\t\t\t\t\t\t\t\t<div class=\"elementor-button-wrapper\">\n\t\t\t\t\t<a class=\"elementor-button elementor-button-link elementor-size-md\" href=\"https:\/\/www.buehler.com\/de\/produkte\/trennen\/trennmaschinen\/automatischer-und-manueller-abrasivtrennschneider-abrasimatic-300\/\">\n\t\t\t\t\t\t<span class=\"elementor-button-content-wrapper\">\n\t\t\t\t\t\t\t\t\t<span class=\"elementor-button-text\">Mehr<\/span>\n\t\t\t\t\t<\/span>\n\t\t\t\t\t<\/a>\n\t\t\t\t<\/div>\n\t\t\t\t\t\t\t\t<\/div>\n\t\t\t\t<\/div>\n\t\t\t\t\t<\/div>\n\t\t<\/div>\n\t\t\t\t\t<\/div>\n\t\t<\/section>\n\t\t\t\t<\/div>\n\t\t","protected":false},"excerpt":{"rendered":"<p>Trennmaschinen f\u00fcr die metallografische Probenvorbereitung Ein vollst\u00e4ndiges Sortiment an trennmaschinen- und Trenns\u00e4gen f\u00fcr metallografische Tests. Die Probenvorbereitung f\u00fcr die Gef\u00fcgeuntersuchung beginnt mit einem Qualit\u00e4tsschnitt. Die richtige Ausr\u00fcstung mit festem und stabilem Visier minimiert die Verformungstiefe auf der Probenoberfl\u00e4che. Die abrasiven und pr\u00e4zisen S\u00e4gen sparen Zeit, indem sie die Anzahl der Schritte begrenzen, die zum Analysieren [&hellip;]<\/p>\n","protected":false},"author":1,"featured_media":0,"parent":2011,"menu_order":0,"comment_status":"closed","ping_status":"closed","template":"elementor_header_footer","meta":{"footnotes":""},"class_list":["post-4188","page","type-page","status-publish","hentry"],"_links":{"self":[{"href":"https:\/\/www.buehler.com\/de\/wp-json\/wp\/v2\/pages\/4188","targetHints":{"allow":["GET"]}}],"collection":[{"href":"https:\/\/www.buehler.com\/de\/wp-json\/wp\/v2\/pages"}],"about":[{"href":"https:\/\/www.buehler.com\/de\/wp-json\/wp\/v2\/types\/page"}],"author":[{"embeddable":true,"href":"https:\/\/www.buehler.com\/de\/wp-json\/wp\/v2\/users\/1"}],"replies":[{"embeddable":true,"href":"https:\/\/www.buehler.com\/de\/wp-json\/wp\/v2\/comments?post=4188"}],"version-history":[{"count":25,"href":"https:\/\/www.buehler.com\/de\/wp-json\/wp\/v2\/pages\/4188\/revisions"}],"predecessor-version":[{"id":19054,"href":"https:\/\/www.buehler.com\/de\/wp-json\/wp\/v2\/pages\/4188\/revisions\/19054"}],"up":[{"embeddable":true,"href":"https:\/\/www.buehler.com\/de\/wp-json\/wp\/v2\/pages\/2011"}],"wp:attachment":[{"href":"https:\/\/www.buehler.com\/de\/wp-json\/wp\/v2\/media?parent=4188"}],"curies":[{"name":"wp","href":"https:\/\/api.w.org\/{rel}","templated":true}]}}