{"id":18106,"date":"2022-05-31T22:17:37","date_gmt":"2022-05-31T20:17:37","guid":{"rendered":"https:\/\/buehler.com\/de\/?page_id=18106"},"modified":"2023-09-01T15:10:23","modified_gmt":"2023-09-01T13:10:23","slug":"karriere","status":"publish","type":"page","link":"https:\/\/www.buehler.com\/de\/uber\/nachrichtenredaktion\/karriere\/","title":{"rendered":"Karriere"},"content":{"rendered":"\t\t<div data-elementor-type=\"wp-page\" data-elementor-id=\"18106\" class=\"elementor elementor-18106\" data-elementor-post-type=\"page\">\n\t\t\t\t\t\t<section data-particle_enable=\"false\" data-particle-mobile-disabled=\"false\" class=\"elementor-section elementor-top-section elementor-element elementor-element-3df109b3 elementor-section-full_width elementor-section-height-min-height elementor-section-height-default elementor-section-items-middle\" data-id=\"3df109b3\" data-element_type=\"section\" data-e-type=\"section\" data-settings=\"{&quot;background_background&quot;:&quot;classic&quot;}\">\n\t\t\t\t\t\t\t<div class=\"elementor-background-overlay\"><\/div>\n\t\t\t\t\t\t\t<div class=\"elementor-container elementor-column-gap-default\">\n\t\t\t\t\t<div class=\"elementor-column elementor-col-100 elementor-top-column elementor-element elementor-element-733bdbc1\" data-id=\"733bdbc1\" data-element_type=\"column\" data-e-type=\"column\">\n\t\t\t<div class=\"elementor-widget-wrap elementor-element-populated\">\n\t\t\t\t\t\t<div class=\"elementor-element elementor-element-9d40716 elementor-widget elementor-widget-heading\" data-id=\"9d40716\" data-element_type=\"widget\" data-e-type=\"widget\" data-widget_type=\"heading.default\">\n\t\t\t\t<div class=\"elementor-widget-container\">\n\t\t\t\t\t<h1 class=\"elementor-heading-title elementor-size-default\">Karriere<\/h1>\t\t\t\t<\/div>\n\t\t\t\t<\/div>\n\t\t\t\t\t<\/div>\n\t\t<\/div>\n\t\t\t\t\t<\/div>\n\t\t<\/section>\n\t\t\t\t<section data-particle_enable=\"false\" data-particle-mobile-disabled=\"false\" class=\"elementor-section elementor-top-section elementor-element elementor-element-33eeaba7 elementor-section-boxed elementor-section-height-default elementor-section-height-default\" data-id=\"33eeaba7\" data-element_type=\"section\" data-e-type=\"section\">\n\t\t\t\t\t\t<div class=\"elementor-container elementor-column-gap-default\">\n\t\t\t\t\t<div class=\"elementor-column elementor-col-100 elementor-top-column elementor-element elementor-element-5fe8f9b5\" data-id=\"5fe8f9b5\" data-element_type=\"column\" data-e-type=\"column\">\n\t\t\t<div class=\"elementor-widget-wrap elementor-element-populated\">\n\t\t\t\t\t\t<div class=\"elementor-element elementor-element-7b2d526d elementor-widget elementor-widget-text-editor\" data-id=\"7b2d526d\" data-element_type=\"widget\" data-e-type=\"widget\" data-widget_type=\"text-editor.default\">\n\t\t\t\t<div class=\"elementor-widget-container\">\n\t\t\t\t\t\t\t\t\tBuehler ist einer der international f\u00fchrenden Anbieter von wissenschaftlichen Ger\u00e4ten, Zubeh\u00f6r und Verbrauchsmaterialien f\u00fcr die Materialpr\u00e4paration und -analyse sowie der H\u00e4rtepr\u00fcfung.\n\nBuehler ist Teil der US-amerikanischen Fortune 200 Gesellschaft Illinois Tool Works (ITW) mit rund 100 dezentralen Gesch\u00e4ftseinheiten in 52 L\u00e4ndern und rund 51.000 Mitarbeitern.\n\nDie ITW Test &amp; Measurement GmbH ist das europ\u00e4ische Hauptquartier von Buehler und mit rund 30 Mitarbeitern zust\u00e4ndig f\u00fcr die Betreuung s\u00e4mtlicher Kunden in Europa. Kommen Sie in unser Team nach Leinfelden-Echterdingen. Wir freuen uns \u00fcber Ihre Bewerbung. \t\t\t\t\t\t\t\t<\/div>\n\t\t\t\t<\/div>\n\t\t\t\t\t<\/div>\n\t\t<\/div>\n\t\t\t\t\t<\/div>\n\t\t<\/section>\n\t\t\t\t<section data-particle_enable=\"false\" data-particle-mobile-disabled=\"false\" class=\"elementor-section elementor-top-section elementor-element elementor-element-5b91fe7d elementor-section-boxed elementor-section-height-default elementor-section-height-default\" data-id=\"5b91fe7d\" data-element_type=\"section\" data-e-type=\"section\">\n\t\t\t\t\t\t<div class=\"elementor-container elementor-column-gap-default\">\n\t\t\t\t\t<div class=\"elementor-column elementor-col-100 elementor-top-column elementor-element elementor-element-46cd5494\" data-id=\"46cd5494\" data-element_type=\"column\" data-e-type=\"column\">\n\t\t\t<div class=\"elementor-widget-wrap elementor-element-populated\">\n\t\t\t\t\t\t<div class=\"elementor-element elementor-element-71c653c1 elementor-widget elementor-widget-text-editor\" data-id=\"71c653c1\" data-element_type=\"widget\" data-e-type=\"widget\" data-widget_type=\"text-editor.default\">\n\t\t\t\t<div class=\"elementor-widget-container\">\n\t\t\t\t\t\t\t\t\t<div id=\"spec_table\">\n\n&nbsp;\n<table style=\"height: 110px\" width=\"344\">\n<thead>\n<tr>\n<th style=\"text-align: left\">Stellenbeschreibung<\/th>\n<th style=\"text-align: left\">Stelle ansehen<\/th>\n<\/tr>\n<\/thead>\n<tbody>\n<tr>\n<td><\/td>\n<td><\/td>\n<\/tr>\n<\/tbody>\n<\/table>\n<\/div>\t\t\t\t\t\t\t\t<\/div>\n\t\t\t\t<\/div>\n\t\t\t\t\t<\/div>\n\t\t<\/div>\n\t\t\t\t\t<\/div>\n\t\t<\/section>\n\t\t\t\t<\/div>\n\t\t","protected":false},"excerpt":{"rendered":"<p>Karriere Buehler ist einer der international f\u00fchrenden Anbieter von wissenschaftlichen Ger\u00e4ten, Zubeh\u00f6r und Verbrauchsmaterialien f\u00fcr die Materialpr\u00e4paration und -analyse sowie der H\u00e4rtepr\u00fcfung. Buehler ist Teil der US-amerikanischen Fortune 200 Gesellschaft Illinois Tool Works (ITW) mit rund 100 dezentralen Gesch\u00e4ftseinheiten in 52 L\u00e4ndern und rund 51.000 Mitarbeitern. Die ITW Test &amp; Measurement GmbH ist das europ\u00e4ische [&hellip;]<\/p>\n","protected":false},"author":1,"featured_media":0,"parent":9576,"menu_order":0,"comment_status":"closed","ping_status":"closed","template":"elementor_header_footer","meta":{"footnotes":""},"class_list":["post-18106","page","type-page","status-publish","hentry"],"_links":{"self":[{"href":"https:\/\/www.buehler.com\/de\/wp-json\/wp\/v2\/pages\/18106","targetHints":{"allow":["GET"]}}],"collection":[{"href":"https:\/\/www.buehler.com\/de\/wp-json\/wp\/v2\/pages"}],"about":[{"href":"https:\/\/www.buehler.com\/de\/wp-json\/wp\/v2\/types\/page"}],"author":[{"embeddable":true,"href":"https:\/\/www.buehler.com\/de\/wp-json\/wp\/v2\/users\/1"}],"replies":[{"embeddable":true,"href":"https:\/\/www.buehler.com\/de\/wp-json\/wp\/v2\/comments?post=18106"}],"version-history":[{"count":26,"href":"https:\/\/www.buehler.com\/de\/wp-json\/wp\/v2\/pages\/18106\/revisions"}],"predecessor-version":[{"id":21829,"href":"https:\/\/www.buehler.com\/de\/wp-json\/wp\/v2\/pages\/18106\/revisions\/21829"}],"up":[{"embeddable":true,"href":"https:\/\/www.buehler.com\/de\/wp-json\/wp\/v2\/pages\/9576"}],"wp:attachment":[{"href":"https:\/\/www.buehler.com\/de\/wp-json\/wp\/v2\/media?parent=18106"}],"curies":[{"name":"wp","href":"https:\/\/api.w.org\/{rel}","templated":true}]}}