{"id":14797,"date":"2021-12-14T13:14:44","date_gmt":"2021-12-14T12:14:44","guid":{"rendered":"https:\/\/www.buehler.com\/de\/?page_id=14797"},"modified":"2022-06-02T17:03:32","modified_gmt":"2022-06-02T15:03:32","slug":"die-wissenschaft-hinter-den-diamantprodukten-von-buehler","status":"publish","type":"page","link":"https:\/\/www.buehler.com\/de\/die-wissenschaft-hinter-den-diamantprodukten-von-buehler\/","title":{"rendered":"Die Wissenschaft hinter den Diamantprodukten von Buehler"},"content":{"rendered":"\t\t<div data-elementor-type=\"wp-page\" data-elementor-id=\"14797\" class=\"elementor elementor-14797\" data-elementor-post-type=\"page\">\n\t\t\t\t\t\t<section data-particle_enable=\"false\" data-particle-mobile-disabled=\"false\" class=\"elementor-section elementor-top-section elementor-element elementor-element-7b64a7d7 elementor-section-full_width elementor-section-height-min-height elementor-section-height-default elementor-section-items-middle\" data-id=\"7b64a7d7\" data-element_type=\"section\" data-e-type=\"section\" data-settings=\"{&quot;background_background&quot;:&quot;classic&quot;}\">\n\t\t\t\t\t\t<div class=\"elementor-container elementor-column-gap-default\">\n\t\t\t\t\t<div class=\"elementor-column elementor-col-100 elementor-top-column elementor-element elementor-element-60007bd7\" data-id=\"60007bd7\" data-element_type=\"column\" data-e-type=\"column\">\n\t\t\t<div class=\"elementor-widget-wrap elementor-element-populated\">\n\t\t\t\t\t\t<div class=\"elementor-element elementor-element-415705a6 elementor-widget elementor-widget-heading\" data-id=\"415705a6\" data-element_type=\"widget\" data-e-type=\"widget\" data-widget_type=\"heading.default\">\n\t\t\t\t<div class=\"elementor-widget-container\">\n\t\t\t\t\t<h1 class=\"elementor-heading-title elementor-size-default\">Die Wissenschaft hinter den Diamantprodukten von Buehler<\/h1>\t\t\t\t<\/div>\n\t\t\t\t<\/div>\n\t\t\t\t\t<\/div>\n\t\t<\/div>\n\t\t\t\t\t<\/div>\n\t\t<\/section>\n\t\t\t\t<section data-particle_enable=\"false\" data-particle-mobile-disabled=\"false\" class=\"elementor-section elementor-top-section elementor-element elementor-element-7d970169 elementor-section-boxed elementor-section-height-default elementor-section-height-default\" data-id=\"7d970169\" data-element_type=\"section\" data-e-type=\"section\">\n\t\t\t\t\t\t<div class=\"elementor-container elementor-column-gap-default\">\n\t\t\t\t\t<div class=\"elementor-column elementor-col-100 elementor-top-column elementor-element elementor-element-5cbe0f87\" data-id=\"5cbe0f87\" data-element_type=\"column\" data-e-type=\"column\">\n\t\t\t<div class=\"elementor-widget-wrap elementor-element-populated\">\n\t\t\t\t\t\t<div class=\"elementor-element elementor-element-72fb1c77 elementor-widget elementor-widget-text-editor\" data-id=\"72fb1c77\" data-element_type=\"widget\" data-e-type=\"widget\" data-widget_type=\"text-editor.default\">\n\t\t\t\t<div class=\"elementor-widget-container\">\n\t\t\t\t\t\t\t\t\t<h2>Wir optimieren unsere Diamantprodukte f\u00fcr Ihre Anforderungen beim Polieren<\/h2><p>Seit Einf\u00fchrung unserer MetaDi-Polierprodukte mit Diamantpartikeln im Jahr 1946 sind wir als Experten auf dem Gebiet der Diamantpoliermittel f\u00fcr metallografische Labore f\u00fchrend. Bei der Entwicklung optimaler Diamantpoliermittel f\u00fcr die Pr\u00e4paration metallurgischer Proben spielen drei Faktoren eine besonders wichtige Rolle:<\/p><ol><li><a href=\"https:\/\/www.buehler.com\/de\/die-wissenschaft-hinter-den-diamantprodukten-von-buehler\/#one\">Die richtige Konzentration der Diamantpartikel und das richtige Tr\u00e4germedium sorgen f\u00fcr eine effektive Politur und eine gleichm\u00e4\u00dfige Verteilung.<\/a><\/li><li><a href=\"https:\/\/www.buehler.com\/de\/die-wissenschaft-hinter-den-diamantprodukten-von-buehler\/#two\">Die Partikelgr\u00f6\u00dfe und -verteilung bestimmen die Oberfl\u00e4chenqualit\u00e4t.<\/a><\/li><li><a href=\"https:\/\/www.buehler.com\/de\/die-wissenschaft-hinter-den-diamantprodukten-von-buehler\/#three\">Die Form der Diamantpartikel bestimmt die Abtragsrate.<\/a><\/li><\/ol>\t\t\t\t\t\t\t\t<\/div>\n\t\t\t\t<\/div>\n\t\t\t\t\t<\/div>\n\t\t<\/div>\n\t\t\t\t\t<\/div>\n\t\t<\/section>\n\t\t\t\t<section data-particle_enable=\"false\" data-particle-mobile-disabled=\"false\" class=\"elementor-section elementor-top-section elementor-element elementor-element-3fae59c elementor-section-boxed elementor-section-height-default elementor-section-height-default\" data-id=\"3fae59c\" data-element_type=\"section\" data-e-type=\"section\" id=\"one\">\n\t\t\t\t\t\t<div class=\"elementor-container elementor-column-gap-default\">\n\t\t\t\t\t<div class=\"elementor-column elementor-col-100 elementor-top-column elementor-element elementor-element-1d8af86\" data-id=\"1d8af86\" data-element_type=\"column\" data-e-type=\"column\">\n\t\t\t<div class=\"elementor-widget-wrap elementor-element-populated\">\n\t\t\t\t\t\t<div class=\"elementor-element elementor-element-577965b1 elementor-widget-divider--view-line_text elementor-widget-divider--element-align-center elementor-widget elementor-widget-divider\" data-id=\"577965b1\" data-element_type=\"widget\" data-e-type=\"widget\" data-widget_type=\"divider.default\">\n\t\t\t\t<div class=\"elementor-widget-container\">\n\t\t\t\t\t\t\t<div class=\"elementor-divider\">\n\t\t\t<span class=\"elementor-divider-separator\">\n\t\t\t\t\t\t\t<h3 class=\"elementor-divider__text elementor-divider__element\">\n\t\t\t\tMetaDi-Diamantsuspensionen und -pasten von Buehler \u2013 perfekt ausgewogen!\t\t\t\t<\/h3>\n\t\t\t\t\t\t<\/span>\n\t\t<\/div>\n\t\t\t\t\t\t<\/div>\n\t\t\t\t<\/div>\n\t\t\t\t<div class=\"elementor-element elementor-element-3d59fa80 elementor-widget elementor-widget-text-editor\" data-id=\"3d59fa80\" data-element_type=\"widget\" data-e-type=\"widget\" data-widget_type=\"text-editor.default\">\n\t\t\t\t<div class=\"elementor-widget-container\">\n\t\t\t\t\t\t\t\t\t<p>Die Konzentration der Diamantpartikel im Poliermittel hat einen gro\u00dfen Einfluss auf die Effektivit\u00e4t des Poliervorgangs. Zu wenige Diamantpartikel in der Suspension f\u00fchren zu einer unbefriedigenden Polierwirkung und niedrigen Abtragsraten. Aber auch zu viele Diamantpartikel k\u00f6nnen der Effizienz abtr\u00e4glich sein. Die Grafik unterhalb dieses Textes zeigt, wie wir die Konzentration der Diamantpartikel in den MetaDi-Suspensionen von Buehler optimiert haben.<\/p><p>Wir haben aber nicht nur die Diamantpartikelkonzentration optimiert, sondern unsere langj\u00e4hrige Erfahrung auch dazu genutzt, eine perfekt ausgewogene Rezeptur f\u00fcr unsere Buehler-Diamantsuspensionen zu entwickeln, indem wir einen optimalen Tr\u00e4ger verwenden, so dass kein zus\u00e4tzliches Streckmittel (Extender) mehr erforderlich ist. Hier geht es zur Bestellinformation f\u00fcr die <a href=\"https:\/\/www.buehler.com\/de\/produkte\/schleifen-und-polieren\/zubehoer-und-verbrauchsmaterialien\/diamantsuspensionen-und-pasten\/\">Diamantsuspensionen und -pasten von Buehler<\/a>.<\/p>\t\t\t\t\t\t\t\t<\/div>\n\t\t\t\t<\/div>\n\t\t\t\t\t<\/div>\n\t\t<\/div>\n\t\t\t\t\t<\/div>\n\t\t<\/section>\n\t\t\t\t<section data-particle_enable=\"false\" data-particle-mobile-disabled=\"false\" class=\"elementor-section elementor-top-section elementor-element elementor-element-32d967f elementor-section-boxed elementor-section-height-default elementor-section-height-default\" data-id=\"32d967f\" data-element_type=\"section\" data-e-type=\"section\" id=\"two\">\n\t\t\t\t\t\t<div class=\"elementor-container elementor-column-gap-default\">\n\t\t\t\t\t<div class=\"elementor-column elementor-col-100 elementor-top-column elementor-element elementor-element-5a8e203\" data-id=\"5a8e203\" data-element_type=\"column\" data-e-type=\"column\">\n\t\t\t<div class=\"elementor-widget-wrap elementor-element-populated\">\n\t\t\t\t\t\t<div class=\"elementor-element elementor-element-5e1cea2a elementor-widget-divider--view-line_text elementor-widget-divider--element-align-center elementor-widget elementor-widget-divider\" data-id=\"5e1cea2a\" data-element_type=\"widget\" data-e-type=\"widget\" data-widget_type=\"divider.default\">\n\t\t\t\t<div class=\"elementor-widget-container\">\n\t\t\t\t\t\t\t<div class=\"elementor-divider\">\n\t\t\t<span class=\"elementor-divider-separator\">\n\t\t\t\t\t\t\t<h4 class=\"elementor-divider__text elementor-divider__element\">\n\t\t\t\tStrenge Qualit\u00e4tskontrollen zur Optimierung der Partikelgr\u00f6\u00dfe und -verteilung \t\t\t\t<\/h4>\n\t\t\t\t\t\t<\/span>\n\t\t<\/div>\n\t\t\t\t\t\t<\/div>\n\t\t\t\t<\/div>\n\t\t\t\t<div class=\"elementor-element elementor-element-7de24fa4 elementor-widget elementor-widget-text-editor\" data-id=\"7de24fa4\" data-element_type=\"widget\" data-e-type=\"widget\" data-widget_type=\"text-editor.default\">\n\t\t\t\t<div class=\"elementor-widget-container\">\n\t\t\t\t\t\t\t\t\t<p>Gr\u00f6\u00dfe und Verteilung der Diamantpartikel wirken sich stark auf die Qualit\u00e4t der Probenoberfl\u00e4che aus. Daher muss man diese Parameter kontrollieren, damit nach einer bestimmten Polierstufe keine groben Kratzer mehr in der Probenoberfl\u00e4che verbleiben, was sicher nicht w\u00fcnschenswert w\u00e4re. Bestimmte Partikelgr\u00f6\u00dfen und -verteilungen lassen sich durch den Einsatz spezieller Sortierverfahren im Rahmen des Herstellungsvorgangs erreichen. Buehler f\u00fchrt in diesem Prozess strenge Qualit\u00e4tskontrollen durch, um die Partikel innerhalb einer engen Toleranz und in einer optimalen Konzentration zu halten. Nur so bleibt Ihr Poliervorgang effizient und wiederholbar. In der Grafik unter diesem Text sehen Sie den Unterschied zwischen einer schlechten Sortierung und der Sortierung in den streng kontrollierten <a href=\"https:\/\/www.buehler.com\/de\/produkte\/schleifen-und-polieren\/zubehoer-und-verbrauchsmaterialien\/diamantsuspensionen-und-pasten\/\">MetaDi-Diamantsuspensionen und -pasten von Buehler<\/a>.<\/p><p><a href=\"https:\/\/www.buehler.com\/de\/wp-content\/uploads\/2021\/12\/critical-quality-control-for-optimizing-diamond-size-and-particle-distribution.jpg\"><img fetchpriority=\"high\" decoding=\"async\" class=\"aligncenter size-full wp-image-14816\" src=\"https:\/\/www.buehler.com\/de\/wp-content\/uploads\/2021\/12\/critical-quality-control-for-optimizing-diamond-size-and-particle-distribution.jpg\" alt=\"Critical Quality Control for Optimizing Diamond Size and Particle Distribution\" width=\"936\" height=\"366\" srcset=\"https:\/\/www.buehler.com\/de\/wp-content\/uploads\/sites\/9\/2021\/12\/critical-quality-control-for-optimizing-diamond-size-and-particle-distribution.jpg 936w, https:\/\/www.buehler.com\/de\/wp-content\/uploads\/sites\/9\/2021\/12\/critical-quality-control-for-optimizing-diamond-size-and-particle-distribution-300x117.jpg 300w, https:\/\/www.buehler.com\/de\/wp-content\/uploads\/sites\/9\/2021\/12\/critical-quality-control-for-optimizing-diamond-size-and-particle-distribution-768x300.jpg 768w\" sizes=\"(max-width: 936px) 100vw, 936px\" \/><\/a><\/p>\t\t\t\t\t\t\t\t<\/div>\n\t\t\t\t<\/div>\n\t\t\t\t\t<\/div>\n\t\t<\/div>\n\t\t\t\t\t<\/div>\n\t\t<\/section>\n\t\t\t\t<section data-particle_enable=\"false\" data-particle-mobile-disabled=\"false\" class=\"elementor-section elementor-top-section elementor-element elementor-element-624aaf3 elementor-section-boxed elementor-section-height-default elementor-section-height-default\" data-id=\"624aaf3\" data-element_type=\"section\" data-e-type=\"section\" id=\"three\">\n\t\t\t\t\t\t<div class=\"elementor-container elementor-column-gap-default\">\n\t\t\t\t\t<div class=\"elementor-column elementor-col-100 elementor-top-column elementor-element elementor-element-9c828d1\" data-id=\"9c828d1\" data-element_type=\"column\" data-e-type=\"column\">\n\t\t\t<div class=\"elementor-widget-wrap elementor-element-populated\">\n\t\t\t\t\t\t<div class=\"elementor-element elementor-element-1a8aa65 elementor-widget-divider--view-line_text elementor-widget-divider--element-align-center elementor-widget elementor-widget-divider\" data-id=\"1a8aa65\" data-element_type=\"widget\" data-e-type=\"widget\" data-widget_type=\"divider.default\">\n\t\t\t\t<div class=\"elementor-widget-container\">\n\t\t\t\t\t\t\t<div class=\"elementor-divider\">\n\t\t\t<span class=\"elementor-divider-separator\">\n\t\t\t\t\t\t\t<h5 class=\"elementor-divider__text elementor-divider__element\">\n\t\t\t\tAuf die Form kommt es an! \t\t\t\t<\/h5>\n\t\t\t\t\t\t<\/span>\n\t\t<\/div>\n\t\t\t\t\t\t<\/div>\n\t\t\t\t<\/div>\n\t\t\t\t<div class=\"elementor-element elementor-element-fa8fee5 elementor-widget elementor-widget-text-editor\" data-id=\"fa8fee5\" data-element_type=\"widget\" data-e-type=\"widget\" data-widget_type=\"text-editor.default\">\n\t\t\t\t<div class=\"elementor-widget-container\">\n\t\t\t\t\t\t\t\t\t<p><a href=\"https:\/\/www.buehler.com\/de\/wp-content\/uploads\/2021\/12\/grinding-polishing-figure-3.13-monocrystalline-polycrystalline.jpg\"><img decoding=\"async\" class=\"alignleft size-medium wp-image-14817\" src=\"https:\/\/www.buehler.com\/de\/wp-content\/uploads\/2021\/12\/grinding-polishing-figure-3.13-monocrystalline-polycrystalline-260x300.jpg\" alt=\"Grinding Polishing Figure 3.13 Monocrystalline Polycrystalline\" width=\"260\" height=\"300\" srcset=\"https:\/\/www.buehler.com\/de\/wp-content\/uploads\/sites\/9\/2021\/12\/grinding-polishing-figure-3.13-monocrystalline-polycrystalline-260x300.jpg 260w, https:\/\/www.buehler.com\/de\/wp-content\/uploads\/sites\/9\/2021\/12\/grinding-polishing-figure-3.13-monocrystalline-polycrystalline.jpg 389w\" sizes=\"(max-width: 260px) 100vw, 260px\" \/><\/a>Die Form der Diamantpartikel hat einen pr\u00e4genden Einfluss auf die erreichte Polierleistung. Um die passende Diamantsuspension oder -paste f\u00fcr Ihre Anwendung ausw\u00e4hlen zu k\u00f6nnen, sollten Sie sich zun\u00e4chst dar\u00fcber im Klaren sein, welche Diamantform f\u00fcr Ihre Anforderungen am besten geeignet ist. In den MetaDi-Diamantsuspensionen und -pasten von Buehler werden im Wesentlichen zwei Diamantformen verwendet, n\u00e4mlich monokristalline und polykristalline. Bei monokristallinem Diamant sind die Oberfl\u00e4chen weniger facettiert. Dadurch erh\u00e4lt man scharfkantige, blockartige Partikel. Polykristalline Diamanten hingegen haben meist eine facettenreiche Form. In der Abbildung links sehen Sie beide Formen im Vergleich.<\/p><p>Rezepturen mit monokristallinem Diamant, wie sie in unserer MetaDi-Produkten zum Einsatz kommen, sind in der Regel kosteng\u00fcnstiger, f\u00fchren aber tendenziell zu geringeren Abtragsraten und damit zu l\u00e4ngeren Polierzeiten. Rezepturen mit monokristallinem Diamant sind ideal f\u00fcr die Politur von Keramikproben. Mit unserer MetaDi-Supreme-Rezeptur mit polykristallinem Diamant lassen sich wesentlich h\u00f6here Abtragsraten erzielen; damit werden die Pr\u00e4parationszeiten k\u00fcrzer. Unsere polykristallinen MetaDi-Supreme-Suspensionen verk\u00fcrzen aber nicht nur den Poliervorgang, sondern f\u00fchren auch zu geringerer Verformung und damit zu einer besseren Oberfl\u00e4chenbeschaffenheit. Den Unterschied in der Abtragsrate mit MetaDi (monokristallin) und MetaDi Supreme (polykristallin) sehen Sie in der folgenden Grafik. Hier geht es zur Bestellinformation f\u00fcr die <a href=\"https:\/\/www.buehler.com\/de\/produkte\/schleifen-und-polieren\/zubehoer-und-verbrauchsmaterialien\/diamantsuspensionen-und-pasten\/\">Diamantsuspensionen und -pasten von Buehler<\/a>.<\/p><p><a href=\"https:\/\/www.buehler.com\/de\/wp-content\/uploads\/2021\/12\/removal-rate-of-metadi-vs-metadi-supreme.jpg\"><img decoding=\"async\" class=\"aligncenter size-full wp-image-14819\" src=\"https:\/\/www.buehler.com\/de\/wp-content\/uploads\/2021\/12\/removal-rate-of-metadi-vs-metadi-supreme.jpg\" alt=\"Removal Rate of Metadi vs Metadi Supreme\" width=\"624\" height=\"334\" srcset=\"https:\/\/www.buehler.com\/de\/wp-content\/uploads\/sites\/9\/2021\/12\/removal-rate-of-metadi-vs-metadi-supreme.jpg 624w, https:\/\/www.buehler.com\/de\/wp-content\/uploads\/sites\/9\/2021\/12\/removal-rate-of-metadi-vs-metadi-supreme-300x161.jpg 300w\" sizes=\"(max-width: 624px) 100vw, 624px\" \/><\/a><\/p>\t\t\t\t\t\t\t\t<\/div>\n\t\t\t\t<\/div>\n\t\t\t\t\t<\/div>\n\t\t<\/div>\n\t\t\t\t\t<\/div>\n\t\t<\/section>\n\t\t\t\t<section data-particle_enable=\"false\" data-particle-mobile-disabled=\"false\" class=\"elementor-section elementor-top-section elementor-element elementor-element-d4b9bdd elementor-section-boxed elementor-section-height-default elementor-section-height-default\" data-id=\"d4b9bdd\" data-element_type=\"section\" data-e-type=\"section\">\n\t\t\t\t\t\t<div class=\"elementor-container elementor-column-gap-default\">\n\t\t\t\t\t<div class=\"elementor-column elementor-col-100 elementor-top-column elementor-element elementor-element-8538c86\" data-id=\"8538c86\" data-element_type=\"column\" data-e-type=\"column\">\n\t\t\t<div class=\"elementor-widget-wrap elementor-element-populated\">\n\t\t\t\t\t\t<div class=\"elementor-element elementor-element-a2cb41d elementor-widget-divider--view-line_text elementor-widget-divider--element-align-center elementor-widget elementor-widget-divider\" data-id=\"a2cb41d\" data-element_type=\"widget\" data-e-type=\"widget\" data-widget_type=\"divider.default\">\n\t\t\t\t<div class=\"elementor-widget-container\">\n\t\t\t\t\t\t\t<div class=\"elementor-divider\">\n\t\t\t<span class=\"elementor-divider-separator\">\n\t\t\t\t\t\t\t<h6 class=\"elementor-divider__text elementor-divider__element\">\n\t\t\t\tDie Komplettl\u00f6sung f\u00fcr Ihre Politur!\t\t\t\t<\/h6>\n\t\t\t\t\t\t<\/span>\n\t\t<\/div>\n\t\t\t\t\t\t<\/div>\n\t\t\t\t<\/div>\n\t\t\t\t<div class=\"elementor-element elementor-element-ebcb2d3 elementor-widget elementor-widget-text-editor\" data-id=\"ebcb2d3\" data-element_type=\"widget\" data-e-type=\"widget\" data-widget_type=\"text-editor.default\">\n\t\t\t\t<div class=\"elementor-widget-container\">\n\t\t\t\t\t\t\t\t\t<p>Neben unseren Politurpasten und -suspensionen haben wir auch eine gro\u00dfe Auswahl an Poliert\u00fcchern im Angebot. Auch f\u00fcr Ihre speziellen Anforderungen ist sicherlich das Richtige dabei. Wenn Sie Ihren Poliervorgang optimieren m\u00f6chten, lesen Sie in unserem <a href=\"https:\/\/www.buehler.com\/assets\/Brochures\/German\/Consumables\/FN01465DE_0216_Polishing_Guide_WEB.pdf\" target=\"_blank\" rel=\"noopener\">Anwendungsleitfaden Polieren<\/a> nach oder wenden Sie sich an unser <a href=\"https:\/\/www.buehler.com\/contact-lab.php\" target=\"_blank\" rel=\"noopener\">Laborteam<\/a>.<\/p>\t\t\t\t\t\t\t\t<\/div>\n\t\t\t\t<\/div>\n\t\t\t\t\t<\/div>\n\t\t<\/div>\n\t\t\t\t\t<\/div>\n\t\t<\/section>\n\t\t\t\t<\/div>\n\t\t","protected":false},"excerpt":{"rendered":"<p>Die Wissenschaft hinter den Diamantprodukten von Buehler Wir optimieren unsere Diamantprodukte f\u00fcr Ihre Anforderungen beim Polieren Seit Einf\u00fchrung unserer MetaDi-Polierprodukte mit Diamantpartikeln im Jahr 1946 sind wir als Experten auf dem Gebiet der Diamantpoliermittel f\u00fcr metallografische Labore f\u00fchrend. Bei der Entwicklung optimaler Diamantpoliermittel f\u00fcr die Pr\u00e4paration metallurgischer Proben spielen drei Faktoren eine besonders wichtige Rolle: [&hellip;]<\/p>\n","protected":false},"author":1,"featured_media":0,"parent":0,"menu_order":0,"comment_status":"closed","ping_status":"closed","template":"elementor_header_footer","meta":{"footnotes":""},"class_list":["post-14797","page","type-page","status-publish","hentry"],"_links":{"self":[{"href":"https:\/\/www.buehler.com\/de\/wp-json\/wp\/v2\/pages\/14797","targetHints":{"allow":["GET"]}}],"collection":[{"href":"https:\/\/www.buehler.com\/de\/wp-json\/wp\/v2\/pages"}],"about":[{"href":"https:\/\/www.buehler.com\/de\/wp-json\/wp\/v2\/types\/page"}],"author":[{"embeddable":true,"href":"https:\/\/www.buehler.com\/de\/wp-json\/wp\/v2\/users\/1"}],"replies":[{"embeddable":true,"href":"https:\/\/www.buehler.com\/de\/wp-json\/wp\/v2\/comments?post=14797"}],"version-history":[{"count":28,"href":"https:\/\/www.buehler.com\/de\/wp-json\/wp\/v2\/pages\/14797\/revisions"}],"predecessor-version":[{"id":18155,"href":"https:\/\/www.buehler.com\/de\/wp-json\/wp\/v2\/pages\/14797\/revisions\/18155"}],"wp:attachment":[{"href":"https:\/\/www.buehler.com\/de\/wp-json\/wp\/v2\/media?parent=14797"}],"curies":[{"name":"wp","href":"https:\/\/api.w.org\/{rel}","templated":true}]}}