{"id":11129,"date":"2021-11-02T15:28:14","date_gmt":"2021-11-02T14:28:14","guid":{"rendered":"https:\/\/buehler.com\/de\/?page_id=11129"},"modified":"2022-05-25T23:46:41","modified_gmt":"2022-05-25T21:46:41","slug":"precidur-haertepruefgeraete-legacy","status":"publish","type":"page","link":"https:\/\/www.buehler.com\/de\/produkte\/haertepruefung\/historische-haertepruefsysteme\/wilson-haertepruefgeraete-legacy\/precidur-haertepruefgeraete-legacy\/","title":{"rendered":"Precidur-H\u00e4rtepr\u00fcfger\u00e4te Legacy"},"content":{"rendered":"\t\t<div data-elementor-type=\"wp-page\" data-elementor-id=\"11129\" class=\"elementor elementor-11129\" data-elementor-post-type=\"page\">\n\t\t\t\t\t\t<section data-particle_enable=\"false\" data-particle-mobile-disabled=\"false\" class=\"elementor-section elementor-top-section elementor-element elementor-element-5a53d0b8 elementor-section-full_width elementor-section-height-min-height elementor-section-height-default elementor-section-items-middle\" data-id=\"5a53d0b8\" data-element_type=\"section\" data-e-type=\"section\" data-settings=\"{&quot;background_background&quot;:&quot;classic&quot;}\">\n\t\t\t\t\t\t<div class=\"elementor-container elementor-column-gap-default\">\n\t\t\t\t\t<div class=\"elementor-column elementor-col-100 elementor-top-column elementor-element elementor-element-5d53f39d\" data-id=\"5d53f39d\" data-element_type=\"column\" data-e-type=\"column\">\n\t\t\t<div class=\"elementor-widget-wrap elementor-element-populated\">\n\t\t\t\t\t\t<div class=\"elementor-element elementor-element-5257292b elementor-widget elementor-widget-heading\" data-id=\"5257292b\" data-element_type=\"widget\" data-e-type=\"widget\" data-widget_type=\"heading.default\">\n\t\t\t\t<div class=\"elementor-widget-container\">\n\t\t\t\t\t<h1 class=\"elementor-heading-title elementor-size-default\">Precidur-H\u00e4rtepr\u00fcfger\u00e4te Legacy Software<\/h1>\t\t\t\t<\/div>\n\t\t\t\t<\/div>\n\t\t\t\t\t<\/div>\n\t\t<\/div>\n\t\t\t\t\t<\/div>\n\t\t<\/section>\n\t\t\t\t<section data-particle_enable=\"false\" data-particle-mobile-disabled=\"false\" class=\"elementor-section elementor-top-section elementor-element elementor-element-57217c55 elementor-section-boxed elementor-section-height-default elementor-section-height-default\" data-id=\"57217c55\" data-element_type=\"section\" data-e-type=\"section\">\n\t\t\t\t\t\t<div class=\"elementor-container elementor-column-gap-default\">\n\t\t\t\t\t<div class=\"elementor-column elementor-col-100 elementor-top-column elementor-element elementor-element-7ac857da\" data-id=\"7ac857da\" data-element_type=\"column\" data-e-type=\"column\">\n\t\t\t<div class=\"elementor-widget-wrap elementor-element-populated\">\n\t\t\t\t\t\t<div class=\"elementor-element elementor-element-614b7ec4 elementor-widget elementor-widget-text-editor\" data-id=\"614b7ec4\" data-element_type=\"widget\" data-e-type=\"widget\" data-widget_type=\"text-editor.default\">\n\t\t\t\t<div class=\"elementor-widget-container\">\n\t\t\t\t\t\t\t\t\t<p><img fetchpriority=\"high\" decoding=\"async\" class=\"alignleft wp-image-11414 size-medium\" src=\"https:\/\/www.buehler.com\/de\/wp-content\/uploads\/2021\/11\/Precidur-300x300.png\" alt=\"Precidur Legacy Hardness Testing Software\" width=\"300\" height=\"300\" srcset=\"https:\/\/www.buehler.com\/de\/wp-content\/uploads\/sites\/9\/2021\/11\/Precidur-300x300.png 300w, https:\/\/www.buehler.com\/de\/wp-content\/uploads\/sites\/9\/2021\/11\/Precidur-150x150.png 150w, https:\/\/www.buehler.com\/de\/wp-content\/uploads\/sites\/9\/2021\/11\/Precidur.png 600w\" sizes=\"(max-width: 300px) 100vw, 300px\" \/>Durch den im Jahr 2008 erfolgten Kauf des Unternehmens, das die PRECIDUR-Software f\u00fcr H\u00e4rtepr\u00fcfungen entwickelt hat, wurde das Produktportfolio um ein leistungsstarkes Softwaresystem erweitert. Die PRECIDUR Software erg\u00e4nzt das Wilson Hardness-Produktportfolio mit seiner bew\u00e4hrten Flexibilit\u00e4t und seinen leistungsf\u00e4higen, automatischen H\u00e4rtemessungen nach Vickers\/Knoop.<\/p><p>PRECIDUR wurde in den fr\u00fchen 90er Jahren von der Fritz M\u00fcller GmbH in Deutschland entwickelt und wird auf vielen Mikroh\u00e4rtepr\u00fcfern unterschiedlicher Hersteller verwendet. Die Software erm\u00f6glicht die Steuerung des Mikroh\u00e4rtepr\u00fcfers \u00fcber einen Computer und verwendet eine Kamera zum automatischen Messen der Eindr\u00fccke. Dank seiner Programmierfunktionen ist eine vollautomatische Strukturierung m\u00f6glich.<\/p><p>Heute lebt PRECIDUR in der Wilson Minuteman-Software f\u00fcr H\u00e4rtepr\u00fcfungen weiter, die f\u00fcr unseren Tukon 1102\/1202 H\u00e4rtepr\u00fcfer und den Tukon 2500 Knoop\/Vickers-H\u00e4rtepr\u00fcfer optimiert wurde. Die Minuteman-Software ist mit PRECIDUR abw\u00e4rtskompatibel und kann auch zum Upgraden Ihres (Mikro-)H\u00e4rtepr\u00fcfers verwendet werden.<br \/><br \/><br \/><span class=\"bold\">Es werden drei Softwarepakete angeboten:<\/span><br \/><span class=\"bold\">Basissoftware<\/span><br \/><br \/>Schlie\u00dfen Sie Ihre Kamera an Ihre Vickers\/Knoop-H\u00e4rtepr\u00fcfmaschinen an und vermessen Sie die Eindr\u00fccke auf Ihrem PC-Bildschirm. Ein leistungsf\u00e4higes Datenmanagement-Tool erm\u00f6glicht das Auswerten und Speichern der Daten.<br \/><br \/><span class=\"bold\">Halbautomatische Softwaresteuerung<\/span><br \/>Unterst\u00fctzt den Anwender bei der Einrichtung von CHD- oder NHT-Messungen und befreit die Messung von Benutzereinfl\u00fcssen, indem die Eindruckdiagonalen automatisch gemessen werden.<br \/><br \/><br \/><span class=\"bold\">Vollautomatische Softwaresteuerung<\/span><br \/>Mit einer Kamera, motorischem XY-Kreuztisch und Autofokus kann das vollautomatische Precidur-\/Minuteman-System ohne jeden Bedienereingriff hunderte von Eindr\u00fccken erstellen und messen.<\/p><p>Bl\u00e4ttern Sie durch die von Buehler angebotenen Minuteman-Produkte oder sprechen Sie uns direkt auf Ihre Pr\u00fcfanforderungen an. Reicherter hatte ein umfangreiches Angebot an H\u00e4rtepr\u00fcfmaschinen, die sich durch stabile Konstruktion, unvergleichliche Genauigkeit und Bedienerfreundlichkeit auszeichneten. Mit mehr als 40.000 weltweit verkauften H\u00e4rtepr\u00fcfger\u00e4ten erwarb sich Reicherter das Vertrauen der Kunden.<\/p>\t\t\t\t\t\t\t\t<\/div>\n\t\t\t\t<\/div>\n\t\t\t\t\t<\/div>\n\t\t<\/div>\n\t\t\t\t\t<\/div>\n\t\t<\/section>\n\t\t\t\t<\/div>\n\t\t","protected":false},"excerpt":{"rendered":"<p>Precidur-H\u00e4rtepr\u00fcfger\u00e4te Legacy Software Durch den im Jahr 2008 erfolgten Kauf des Unternehmens, das die PRECIDUR-Software f\u00fcr H\u00e4rtepr\u00fcfungen entwickelt hat, wurde das Produktportfolio um ein leistungsstarkes Softwaresystem erweitert. Die PRECIDUR Software erg\u00e4nzt das Wilson Hardness-Produktportfolio mit seiner bew\u00e4hrten Flexibilit\u00e4t und seinen leistungsf\u00e4higen, automatischen H\u00e4rtemessungen nach Vickers\/Knoop. PRECIDUR wurde in den fr\u00fchen 90er Jahren von der Fritz [&hellip;]<\/p>\n","protected":false},"author":1,"featured_media":0,"parent":11123,"menu_order":0,"comment_status":"closed","ping_status":"closed","template":"elementor_header_footer","meta":{"footnotes":""},"class_list":["post-11129","page","type-page","status-publish","hentry"],"_links":{"self":[{"href":"https:\/\/www.buehler.com\/de\/wp-json\/wp\/v2\/pages\/11129","targetHints":{"allow":["GET"]}}],"collection":[{"href":"https:\/\/www.buehler.com\/de\/wp-json\/wp\/v2\/pages"}],"about":[{"href":"https:\/\/www.buehler.com\/de\/wp-json\/wp\/v2\/types\/page"}],"author":[{"embeddable":true,"href":"https:\/\/www.buehler.com\/de\/wp-json\/wp\/v2\/users\/1"}],"replies":[{"embeddable":true,"href":"https:\/\/www.buehler.com\/de\/wp-json\/wp\/v2\/comments?post=11129"}],"version-history":[{"count":16,"href":"https:\/\/www.buehler.com\/de\/wp-json\/wp\/v2\/pages\/11129\/revisions"}],"predecessor-version":[{"id":17875,"href":"https:\/\/www.buehler.com\/de\/wp-json\/wp\/v2\/pages\/11129\/revisions\/17875"}],"up":[{"embeddable":true,"href":"https:\/\/www.buehler.com\/de\/wp-json\/wp\/v2\/pages\/11123"}],"wp:attachment":[{"href":"https:\/\/www.buehler.com\/de\/wp-json\/wp\/v2\/media?parent=11129"}],"curies":[{"name":"wp","href":"https:\/\/api.w.org\/{rel}","templated":true}]}}