{"id":11125,"date":"2021-11-02T15:27:08","date_gmt":"2021-11-02T14:27:08","guid":{"rendered":"https:\/\/buehler.com\/de\/?page_id=11125"},"modified":"2022-05-25T23:21:08","modified_gmt":"2022-05-25T21:21:08","slug":"wolpert-haertepruefgeraete-legacy","status":"publish","type":"page","link":"https:\/\/www.buehler.com\/de\/produkte\/haertepruefung\/historische-haertepruefsysteme\/wolpert-haertepruefgeraete-legacy\/","title":{"rendered":"Wolpert-H\u00e4rtepr\u00fcfger\u00e4te Legacy"},"content":{"rendered":"\t\t<div data-elementor-type=\"wp-page\" data-elementor-id=\"11125\" class=\"elementor elementor-11125\" data-elementor-post-type=\"page\">\n\t\t\t\t\t\t<section data-particle_enable=\"false\" data-particle-mobile-disabled=\"false\" class=\"elementor-section elementor-top-section elementor-element elementor-element-1b507911 elementor-section-full_width elementor-section-height-min-height elementor-section-height-default elementor-section-items-middle\" data-id=\"1b507911\" data-element_type=\"section\" data-e-type=\"section\" data-settings=\"{&quot;background_background&quot;:&quot;classic&quot;}\">\n\t\t\t\t\t\t<div class=\"elementor-container elementor-column-gap-default\">\n\t\t\t\t\t<div class=\"elementor-column elementor-col-100 elementor-top-column elementor-element elementor-element-5df5eed4\" data-id=\"5df5eed4\" data-element_type=\"column\" data-e-type=\"column\">\n\t\t\t<div class=\"elementor-widget-wrap elementor-element-populated\">\n\t\t\t\t\t\t<div class=\"elementor-element elementor-element-6fc31486 elementor-widget elementor-widget-heading\" data-id=\"6fc31486\" data-element_type=\"widget\" data-e-type=\"widget\" data-widget_type=\"heading.default\">\n\t\t\t\t<div class=\"elementor-widget-container\">\n\t\t\t\t\t<h1 class=\"elementor-heading-title elementor-size-default\">Wolpert-H\u00e4rtepr\u00fcfger\u00e4te Legacy<\/h1>\t\t\t\t<\/div>\n\t\t\t\t<\/div>\n\t\t\t\t\t<\/div>\n\t\t<\/div>\n\t\t\t\t\t<\/div>\n\t\t<\/section>\n\t\t\t\t<section data-particle_enable=\"false\" data-particle-mobile-disabled=\"false\" class=\"elementor-section elementor-top-section elementor-element elementor-element-46b6ee02 elementor-section-boxed elementor-section-height-default elementor-section-height-default\" data-id=\"46b6ee02\" data-element_type=\"section\" data-e-type=\"section\">\n\t\t\t\t\t\t<div class=\"elementor-container elementor-column-gap-default\">\n\t\t\t\t\t<div class=\"elementor-column elementor-col-100 elementor-top-column elementor-element elementor-element-4c2ede42\" data-id=\"4c2ede42\" data-element_type=\"column\" data-e-type=\"column\">\n\t\t\t<div class=\"elementor-widget-wrap elementor-element-populated\">\n\t\t\t\t\t\t<div class=\"elementor-element elementor-element-50cf815f elementor-widget elementor-widget-text-editor\" data-id=\"50cf815f\" data-element_type=\"widget\" data-e-type=\"widget\" data-widget_type=\"text-editor.default\">\n\t\t\t\t<div class=\"elementor-widget-container\">\n\t\t\t\t\t\t\t\t\t<p>Wolpert ist weltweit ein Begriff der H\u00e4rtepr\u00fcfung und steht f\u00fcr praktisches Design, das die Bed\u00fcrfnisse f\u00fcr jede Anwendung erf\u00fcllt. Seit 1927 stellt Wolpert H\u00e4rtepr\u00fcfger\u00e4te her. Heute werden sie von Buehler entworfen und produziert.<\/p>\t\t\t\t\t\t\t\t<\/div>\n\t\t\t\t<\/div>\n\t\t\t\t<section data-particle_enable=\"false\" data-particle-mobile-disabled=\"false\" class=\"elementor-section elementor-inner-section elementor-element elementor-element-6975b979 elementor-section-boxed elementor-section-height-default elementor-section-height-default\" data-id=\"6975b979\" data-element_type=\"section\" data-e-type=\"section\">\n\t\t\t\t\t\t<div class=\"elementor-container elementor-column-gap-default\">\n\t\t\t\t\t<div class=\"elementor-column elementor-col-33 elementor-inner-column elementor-element elementor-element-31971879\" data-id=\"31971879\" data-element_type=\"column\" data-e-type=\"column\">\n\t\t\t<div class=\"elementor-widget-wrap elementor-element-populated\">\n\t\t\t\t\t\t<div class=\"elementor-element elementor-element-49f2668 elementor-widget elementor-widget-heading\" data-id=\"49f2668\" data-element_type=\"widget\" data-e-type=\"widget\" data-widget_type=\"heading.default\">\n\t\t\t\t<div class=\"elementor-widget-container\">\n\t\t\t\t\t<h2 class=\"elementor-heading-title elementor-size-default\">DigiTestor UH930 (+\/-1990 - 2015)<\/h2>\t\t\t\t<\/div>\n\t\t\t\t<\/div>\n\t\t\t\t<div class=\"elementor-element elementor-element-7a4f66c elementor-widget elementor-widget-image\" data-id=\"7a4f66c\" data-element_type=\"widget\" data-e-type=\"widget\" data-widget_type=\"image.default\">\n\t\t\t\t<div class=\"elementor-widget-container\">\n\t\t\t\t\t\t\t\t\t\t\t\t\t\t\t<img fetchpriority=\"high\" decoding=\"async\" width=\"600\" height=\"600\" src=\"https:\/\/www.buehler.com\/de\/wp-content\/uploads\/sites\/9\/2021\/11\/Wolpert-UH930.png\" class=\"attachment-large size-large wp-image-11265\" alt=\"Wolpert Digitester UH930 Hardness Legacy Tester\" srcset=\"https:\/\/www.buehler.com\/de\/wp-content\/uploads\/sites\/9\/2021\/11\/Wolpert-UH930.png 600w, https:\/\/www.buehler.com\/de\/wp-content\/uploads\/sites\/9\/2021\/11\/Wolpert-UH930-300x300.png 300w, https:\/\/www.buehler.com\/de\/wp-content\/uploads\/sites\/9\/2021\/11\/Wolpert-UH930-150x150.png 150w\" sizes=\"(max-width: 600px) 100vw, 600px\" \/>\t\t\t\t\t\t\t\t\t\t\t\t\t\t\t<\/div>\n\t\t\t\t<\/div>\n\t\t\t\t<div class=\"elementor-element elementor-element-98146a4 elementor-widget elementor-widget-text-editor\" data-id=\"98146a4\" data-element_type=\"widget\" data-e-type=\"widget\" data-widget_type=\"text-editor.default\">\n\t\t\t\t<div class=\"elementor-widget-container\">\n\t\t\t\t\t\t\t\t\t<ul><li>Erstes Universalh\u00e4rtepr\u00fcfger\u00e4t auf dem Markt mit geschlossenem Regelkreis<\/li><li>Universalh\u00e4rtepr\u00fcfger\u00e4t 1 \u2013 250 kgf<\/li><li>Mit integrierter Optik<\/li><li>F\u00fcr Vickers, Brinell und (Super-)Rockwell<\/li><\/ul>\t\t\t\t\t\t\t\t<\/div>\n\t\t\t\t<\/div>\n\t\t\t\t\t<\/div>\n\t\t<\/div>\n\t\t\t\t<div class=\"elementor-column elementor-col-33 elementor-inner-column elementor-element elementor-element-42ca18b\" data-id=\"42ca18b\" data-element_type=\"column\" data-e-type=\"column\">\n\t\t\t<div class=\"elementor-widget-wrap elementor-element-populated\">\n\t\t\t\t\t\t<div class=\"elementor-element elementor-element-be1f182 elementor-widget elementor-widget-heading\" data-id=\"be1f182\" data-element_type=\"widget\" data-e-type=\"widget\" data-widget_type=\"heading.default\">\n\t\t\t\t<div class=\"elementor-widget-container\">\n\t\t\t\t\t<h2 class=\"elementor-heading-title elementor-size-default\">DiaTronic (+\/- 1980 - 1990)<br>&nbsp;<\/h2>\t\t\t\t<\/div>\n\t\t\t\t<\/div>\n\t\t\t\t<div class=\"elementor-element elementor-element-31f62d9 elementor-widget elementor-widget-image\" data-id=\"31f62d9\" data-element_type=\"widget\" data-e-type=\"widget\" data-widget_type=\"image.default\">\n\t\t\t\t<div class=\"elementor-widget-container\">\n\t\t\t\t\t\t\t\t\t\t\t\t\t\t\t<img decoding=\"async\" width=\"600\" height=\"500\" src=\"https:\/\/www.buehler.com\/de\/wp-content\/uploads\/sites\/9\/2021\/11\/Wolpert-DiaTronic.png\" class=\"attachment-large size-large wp-image-11277\" alt=\"Wolpert DiaTronic Hardness Legacy Tester\" srcset=\"https:\/\/www.buehler.com\/de\/wp-content\/uploads\/sites\/9\/2021\/11\/Wolpert-DiaTronic.png 600w, https:\/\/www.buehler.com\/de\/wp-content\/uploads\/sites\/9\/2021\/11\/Wolpert-DiaTronic-300x250.png 300w\" sizes=\"(max-width: 600px) 100vw, 600px\" \/>\t\t\t\t\t\t\t\t\t\t\t\t\t\t\t<\/div>\n\t\t\t\t<\/div>\n\t\t\t\t<div class=\"elementor-element elementor-element-5b5c7a7 elementor-widget elementor-widget-spacer\" data-id=\"5b5c7a7\" data-element_type=\"widget\" data-e-type=\"widget\" data-widget_type=\"spacer.default\">\n\t\t\t\t<div class=\"elementor-widget-container\">\n\t\t\t\t\t\t\t<div class=\"elementor-spacer\">\n\t\t\t<div class=\"elementor-spacer-inner\"><\/div>\n\t\t<\/div>\n\t\t\t\t\t\t<\/div>\n\t\t\t\t<\/div>\n\t\t\t\t<div class=\"elementor-element elementor-element-62b131d elementor-widget elementor-widget-text-editor\" data-id=\"62b131d\" data-element_type=\"widget\" data-e-type=\"widget\" data-widget_type=\"text-editor.default\">\n\t\t\t\t<div class=\"elementor-widget-container\">\n\t\t\t\t\t\t\t\t\t<ul><li>Universalh\u00e4rtepr\u00fcfger\u00e4t 1 \u2013 250 kgf<\/li><li>Mit integrierter Optik<\/li><li>Vickers: (1-2-3) 5-10-20-30-40-50<\/li><li>Brinell: 15,625-31,25-62,5-125-187,5-250<\/li><li>Rockwell: 60, 100 und 150 kgf<\/li><\/ul>\t\t\t\t\t\t\t\t<\/div>\n\t\t\t\t<\/div>\n\t\t\t\t\t<\/div>\n\t\t<\/div>\n\t\t\t\t<div class=\"elementor-column elementor-col-33 elementor-inner-column elementor-element elementor-element-c6bbcf9\" data-id=\"c6bbcf9\" data-element_type=\"column\" data-e-type=\"column\">\n\t\t\t<div class=\"elementor-widget-wrap elementor-element-populated\">\n\t\t\t\t\t\t<div class=\"elementor-element elementor-element-7a33a83 elementor-widget elementor-widget-heading\" data-id=\"7a33a83\" data-element_type=\"widget\" data-e-type=\"widget\" data-widget_type=\"heading.default\">\n\t\t\t\t<div class=\"elementor-widget-container\">\n\t\t\t\t\t<h2 class=\"elementor-heading-title elementor-size-default\">HT 8004 (+\/- 1975 - 1985)<br>&nbsp;<\/h2>\t\t\t\t<\/div>\n\t\t\t\t<\/div>\n\t\t\t\t<div class=\"elementor-element elementor-element-3ae8530 elementor-widget elementor-widget-image\" data-id=\"3ae8530\" data-element_type=\"widget\" data-e-type=\"widget\" data-widget_type=\"image.default\">\n\t\t\t\t<div class=\"elementor-widget-container\">\n\t\t\t\t\t\t\t\t\t\t\t\t\t\t\t<img decoding=\"async\" width=\"600\" height=\"600\" src=\"https:\/\/www.buehler.com\/de\/wp-content\/uploads\/sites\/9\/2021\/11\/Wolpert-HT-8004.png\" class=\"attachment-large size-large wp-image-11286\" alt=\"Wolpert HT 8004 Legacy Hardness Tester\" srcset=\"https:\/\/www.buehler.com\/de\/wp-content\/uploads\/sites\/9\/2021\/11\/Wolpert-HT-8004.png 600w, https:\/\/www.buehler.com\/de\/wp-content\/uploads\/sites\/9\/2021\/11\/Wolpert-HT-8004-300x300.png 300w, https:\/\/www.buehler.com\/de\/wp-content\/uploads\/sites\/9\/2021\/11\/Wolpert-HT-8004-150x150.png 150w\" sizes=\"(max-width: 600px) 100vw, 600px\" \/>\t\t\t\t\t\t\t\t\t\t\t\t\t\t\t<\/div>\n\t\t\t\t<\/div>\n\t\t\t\t<div class=\"elementor-element elementor-element-f3e1076 elementor-widget elementor-widget-text-editor\" data-id=\"f3e1076\" data-element_type=\"widget\" data-e-type=\"widget\" data-widget_type=\"text-editor.default\">\n\t\t\t\t<div class=\"elementor-widget-container\">\n\t\t\t\t\t\t\t\t\t<ul><li>Rockwell-H\u00e4rtepr\u00fcfger\u00e4te<\/li><li>Digitale oder analoge Anzeige<\/li><li>Skalen: HRA, HRB, HRC etc.<\/li><li>Rockwell: 15, 20, 45, 80, 100, 187,5 und 250 kgf<\/li><li>Moderne H\u00e4rtepr\u00fcfger\u00e4te: <a href=\"https:\/\/www.buehler.com\/de\/produkte\/haertepruefung\/rockwell-haertepru%cc%88fer\/wilson-rockwell-574\/\">R574<\/a> &amp; <a href=\"https:\/\/www.buehler.com\/de\/produkte\/haertepruefung\/rockwell-haertepru%cc%88fer\/wilson-rh2150-haertepruefgeraet\/\">RH2150<\/a><\/li><\/ul>\t\t\t\t\t\t\t\t<\/div>\n\t\t\t\t<\/div>\n\t\t\t\t\t<\/div>\n\t\t<\/div>\n\t\t\t\t\t<\/div>\n\t\t<\/section>\n\t\t\t\t<section data-particle_enable=\"false\" data-particle-mobile-disabled=\"false\" class=\"elementor-section elementor-inner-section elementor-element elementor-element-e8ed18e elementor-section-boxed elementor-section-height-default elementor-section-height-default\" data-id=\"e8ed18e\" data-element_type=\"section\" data-e-type=\"section\">\n\t\t\t\t\t\t<div class=\"elementor-container elementor-column-gap-default\">\n\t\t\t\t\t<div class=\"elementor-column elementor-col-33 elementor-inner-column elementor-element elementor-element-8b6bf7d\" data-id=\"8b6bf7d\" data-element_type=\"column\" data-e-type=\"column\">\n\t\t\t<div class=\"elementor-widget-wrap elementor-element-populated\">\n\t\t\t\t\t\t<div class=\"elementor-element elementor-element-f8af5d3 elementor-widget elementor-widget-heading\" data-id=\"f8af5d3\" data-element_type=\"widget\" data-e-type=\"widget\" data-widget_type=\"heading.default\">\n\t\t\t\t<div class=\"elementor-widget-container\">\n\t\t\t\t\t<h2 class=\"elementor-heading-title elementor-size-default\">DiaTestor 3a &amp; 3b (+\/- 1965 - 1958)<\/h2>\t\t\t\t<\/div>\n\t\t\t\t<\/div>\n\t\t\t\t<div class=\"elementor-element elementor-element-73d4920 elementor-widget elementor-widget-image\" data-id=\"73d4920\" data-element_type=\"widget\" data-e-type=\"widget\" data-widget_type=\"image.default\">\n\t\t\t\t<div class=\"elementor-widget-container\">\n\t\t\t\t\t\t\t\t\t\t\t\t\t\t\t<img loading=\"lazy\" decoding=\"async\" width=\"600\" height=\"600\" src=\"https:\/\/www.buehler.com\/de\/wp-content\/uploads\/sites\/9\/2021\/11\/Wolpert-DiaTestor-3a-y-3b.png\" class=\"attachment-large size-large wp-image-11298\" alt=\"Wolpert DiaTestor 3a &amp; 3b Legacy Hardness Tester\" srcset=\"https:\/\/www.buehler.com\/de\/wp-content\/uploads\/sites\/9\/2021\/11\/Wolpert-DiaTestor-3a-y-3b.png 600w, https:\/\/www.buehler.com\/de\/wp-content\/uploads\/sites\/9\/2021\/11\/Wolpert-DiaTestor-3a-y-3b-300x300.png 300w, https:\/\/www.buehler.com\/de\/wp-content\/uploads\/sites\/9\/2021\/11\/Wolpert-DiaTestor-3a-y-3b-150x150.png 150w\" sizes=\"(max-width: 600px) 100vw, 600px\" \/>\t\t\t\t\t\t\t\t\t\t\t\t\t\t\t<\/div>\n\t\t\t\t<\/div>\n\t\t\t\t<div class=\"elementor-element elementor-element-66567fd elementor-widget elementor-widget-text-editor\" data-id=\"66567fd\" data-element_type=\"widget\" data-e-type=\"widget\" data-widget_type=\"text-editor.default\">\n\t\t\t\t<div class=\"elementor-widget-container\">\n\t\t\t\t\t\t\t\t\t<ul><li>Brinell-H\u00e4rtepr\u00fcfger\u00e4te<\/li><li>Skalen: HB10\/3000, HB10\/1000, HB5\/750<\/li><li>Brinell: 120, 187,5, 250, 500, 750, 1000, 1500 und 3,000 kgf<\/li><li>Mit integrierter Optik<\/li><li>F\u00fcr schwere Guss-und Schmiedeteile<\/li><li>Optional: motorgetriebene Spindel<\/li><li>Moderne H\u00e4rtepr\u00fcfger\u00e4te: <a href=\"https:\/\/www.buehler.com\/de\/produkte\/haertepruefung\/brinell-und-universal-haerteprufmaschinen\/brinell-haertepruefgeraet-wilson-bh3000\/\">BH3000<\/a><\/li><\/ul>\t\t\t\t\t\t\t\t<\/div>\n\t\t\t\t<\/div>\n\t\t\t\t\t<\/div>\n\t\t<\/div>\n\t\t\t\t<div class=\"elementor-column elementor-col-33 elementor-inner-column elementor-element elementor-element-03d25c2\" data-id=\"03d25c2\" data-element_type=\"column\" data-e-type=\"column\">\n\t\t\t<div class=\"elementor-widget-wrap elementor-element-populated\">\n\t\t\t\t\t\t<div class=\"elementor-element elementor-element-8c0d59d elementor-widget elementor-widget-heading\" data-id=\"8c0d59d\" data-element_type=\"widget\" data-e-type=\"widget\" data-widget_type=\"heading.default\">\n\t\t\t\t<div class=\"elementor-widget-container\">\n\t\t\t\t\t<h2 class=\"elementor-heading-title elementor-size-default\">V-Testor 2 (+\/- 1985 - 1991)<br>&nbsp;<\/h2>\t\t\t\t<\/div>\n\t\t\t\t<\/div>\n\t\t\t\t<div class=\"elementor-element elementor-element-8dc7d60 elementor-widget elementor-widget-image\" data-id=\"8dc7d60\" data-element_type=\"widget\" data-e-type=\"widget\" data-widget_type=\"image.default\">\n\t\t\t\t<div class=\"elementor-widget-container\">\n\t\t\t\t\t\t\t\t\t\t\t\t\t\t\t<img loading=\"lazy\" decoding=\"async\" width=\"600\" height=\"600\" src=\"https:\/\/www.buehler.com\/de\/wp-content\/uploads\/sites\/9\/2021\/11\/Wolpert-V-Testor-2.png\" class=\"attachment-large size-large wp-image-11304\" alt=\"Wolpert V Testor 2 Legacy Hardness Tester\" srcset=\"https:\/\/www.buehler.com\/de\/wp-content\/uploads\/sites\/9\/2021\/11\/Wolpert-V-Testor-2.png 600w, https:\/\/www.buehler.com\/de\/wp-content\/uploads\/sites\/9\/2021\/11\/Wolpert-V-Testor-2-300x300.png 300w, https:\/\/www.buehler.com\/de\/wp-content\/uploads\/sites\/9\/2021\/11\/Wolpert-V-Testor-2-150x150.png 150w\" sizes=\"(max-width: 600px) 100vw, 600px\" \/>\t\t\t\t\t\t\t\t\t\t\t\t\t\t\t<\/div>\n\t\t\t\t<\/div>\n\t\t\t\t<div class=\"elementor-element elementor-element-a3a1ad4 elementor-widget elementor-widget-text-editor\" data-id=\"a3a1ad4\" data-element_type=\"widget\" data-e-type=\"widget\" data-widget_type=\"text-editor.default\">\n\t\t\t\t<div class=\"elementor-widget-container\">\n\t\t\t\t\t\t\t\t\t<ul><li>Vickers-H\u00e4rtepr\u00fcfger\u00e4te<\/li><li>Vickers &amp; Knoop<\/li><li>Okular<\/li><li>Objektiv<\/li><li>Manuell angetriebene Spindel<\/li><li>\u00d6lged\u00e4mpfte Laststeuerung<\/li><li>Moderne H\u00e4rtepr\u00fcfger\u00e4te: <a href=\"https:\/\/www.buehler.com\/de\/produkte\/haertepruefung\/vickers-knoop-haertepru%cc%88fgeraete\/mikrohaertepruefgeraete-wilson-vh1102-und-1202\/\">VH1202<\/a>, <a href=\"https:\/\/www.buehler.com\/de\/produkte\/haertepruefung\/vickers-knoop-haertepru%cc%88fgeraete\/makro-vickers-haertepruefgeraet-wilson-vh1150\/\">VH1150<\/a>, <a href=\"https:\/\/www.buehler.com\/de\/produkte\/haertepruefung\/vickers-knoop-haertepru%cc%88fgeraete\/vickers-knoop-haertepruefgeraete-wilson-vh3100\/\">VH3100<\/a> &amp; <a href=\"https:\/\/www.buehler.com\/de\/produkte\/haertepruefung\/vickers-knoop-haertepru%cc%88fgeraete\/automatisches-haertepruefgeraet-wilson-vh3300\/\">VH3300<\/a><\/li><\/ul>\t\t\t\t\t\t\t\t<\/div>\n\t\t\t\t<\/div>\n\t\t\t\t\t<\/div>\n\t\t<\/div>\n\t\t\t\t<div class=\"elementor-column elementor-col-33 elementor-inner-column elementor-element elementor-element-81e3795\" data-id=\"81e3795\" data-element_type=\"column\" data-e-type=\"column\">\n\t\t\t<div class=\"elementor-widget-wrap elementor-element-populated\">\n\t\t\t\t\t\t<div class=\"elementor-element elementor-element-caee9bd elementor-widget elementor-widget-heading\" data-id=\"caee9bd\" data-element_type=\"widget\" data-e-type=\"widget\" data-widget_type=\"heading.default\">\n\t\t\t\t<div class=\"elementor-widget-container\">\n\t\t\t\t\t<h2 class=\"elementor-heading-title elementor-size-default\">DiaTestor 2RC (+\/- 1949 - 1975)<br>&nbsp;<\/h2>\t\t\t\t<\/div>\n\t\t\t\t<\/div>\n\t\t\t\t<div class=\"elementor-element elementor-element-cd9e510 elementor-widget elementor-widget-image\" data-id=\"cd9e510\" data-element_type=\"widget\" data-e-type=\"widget\" data-widget_type=\"image.default\">\n\t\t\t\t<div class=\"elementor-widget-container\">\n\t\t\t\t\t\t\t\t\t\t\t\t\t\t\t<img loading=\"lazy\" decoding=\"async\" width=\"600\" height=\"600\" src=\"https:\/\/www.buehler.com\/de\/wp-content\/uploads\/sites\/9\/2021\/11\/Wolpert-DiaTestor-2RC.png\" class=\"attachment-large size-large wp-image-11316\" alt=\"Wolpert DiaTestor 2RC Hardness Legacy Tester\" srcset=\"https:\/\/www.buehler.com\/de\/wp-content\/uploads\/sites\/9\/2021\/11\/Wolpert-DiaTestor-2RC.png 600w, https:\/\/www.buehler.com\/de\/wp-content\/uploads\/sites\/9\/2021\/11\/Wolpert-DiaTestor-2RC-300x300.png 300w, https:\/\/www.buehler.com\/de\/wp-content\/uploads\/sites\/9\/2021\/11\/Wolpert-DiaTestor-2RC-150x150.png 150w\" sizes=\"(max-width: 600px) 100vw, 600px\" \/>\t\t\t\t\t\t\t\t\t\t\t\t\t\t\t<\/div>\n\t\t\t\t<\/div>\n\t\t\t\t<div class=\"elementor-element elementor-element-2dd09e5 elementor-widget elementor-widget-text-editor\" data-id=\"2dd09e5\" data-element_type=\"widget\" data-e-type=\"widget\" data-widget_type=\"text-editor.default\">\n\t\t\t\t<div class=\"elementor-widget-container\">\n\t\t\t\t\t\t\t\t\t<ul>\n \t<li>Universalh\u00e4rtepr\u00fcfger\u00e4t 1 \u2013 250 kgf<\/li><li>Vickers: (1-2-3) 5-10-20-30-40-50<\/li><li>Brinell: 15,625-31,25-62,5-125-187,5-250<\/li><li>Rockwell: 60, 100 und 150 kgf\nMit integrierter Optik<\/li>\n<\/ul>\t\t\t\t\t\t\t\t<\/div>\n\t\t\t\t<\/div>\n\t\t\t\t\t<\/div>\n\t\t<\/div>\n\t\t\t\t\t<\/div>\n\t\t<\/section>\n\t\t\t\t\t<\/div>\n\t\t<\/div>\n\t\t\t\t\t<\/div>\n\t\t<\/section>\n\t\t\t\t<section data-particle_enable=\"false\" data-particle-mobile-disabled=\"false\" class=\"elementor-section elementor-top-section elementor-element elementor-element-3a75310 elementor-section-boxed elementor-section-height-default elementor-section-height-default\" data-id=\"3a75310\" data-element_type=\"section\" data-e-type=\"section\">\n\t\t\t\t\t\t<div class=\"elementor-container elementor-column-gap-default\">\n\t\t\t\t\t<div class=\"elementor-column elementor-col-100 elementor-top-column elementor-element elementor-element-7dfa069e\" data-id=\"7dfa069e\" data-element_type=\"column\" data-e-type=\"column\">\n\t\t\t<div class=\"elementor-widget-wrap\">\n\t\t\t\t\t\t\t<\/div>\n\t\t<\/div>\n\t\t\t\t\t<\/div>\n\t\t<\/section>\n\t\t\t\t<\/div>\n\t\t","protected":false},"excerpt":{"rendered":"<p>Wolpert-H\u00e4rtepr\u00fcfger\u00e4te Legacy Wolpert ist weltweit ein Begriff der H\u00e4rtepr\u00fcfung und steht f\u00fcr praktisches Design, das die Bed\u00fcrfnisse f\u00fcr jede Anwendung erf\u00fcllt. Seit 1927 stellt Wolpert H\u00e4rtepr\u00fcfger\u00e4te her. Heute werden sie von Buehler entworfen und produziert. DigiTestor UH930 (+\/-1990 &#8211; 2015) Erstes Universalh\u00e4rtepr\u00fcfger\u00e4t auf dem Markt mit geschlossenem Regelkreis Universalh\u00e4rtepr\u00fcfger\u00e4t 1 \u2013 250 kgf Mit integrierter [&hellip;]<\/p>\n","protected":false},"author":1,"featured_media":0,"parent":9613,"menu_order":0,"comment_status":"closed","ping_status":"closed","template":"elementor_header_footer","meta":{"footnotes":""},"class_list":["post-11125","page","type-page","status-publish","hentry"],"_links":{"self":[{"href":"https:\/\/www.buehler.com\/de\/wp-json\/wp\/v2\/pages\/11125","targetHints":{"allow":["GET"]}}],"collection":[{"href":"https:\/\/www.buehler.com\/de\/wp-json\/wp\/v2\/pages"}],"about":[{"href":"https:\/\/www.buehler.com\/de\/wp-json\/wp\/v2\/types\/page"}],"author":[{"embeddable":true,"href":"https:\/\/www.buehler.com\/de\/wp-json\/wp\/v2\/users\/1"}],"replies":[{"embeddable":true,"href":"https:\/\/www.buehler.com\/de\/wp-json\/wp\/v2\/comments?post=11125"}],"version-history":[{"count":31,"href":"https:\/\/www.buehler.com\/de\/wp-json\/wp\/v2\/pages\/11125\/revisions"}],"predecessor-version":[{"id":17860,"href":"https:\/\/www.buehler.com\/de\/wp-json\/wp\/v2\/pages\/11125\/revisions\/17860"}],"up":[{"embeddable":true,"href":"https:\/\/www.buehler.com\/de\/wp-json\/wp\/v2\/pages\/9613"}],"wp:attachment":[{"href":"https:\/\/www.buehler.com\/de\/wp-json\/wp\/v2\/media?parent=11125"}],"curies":[{"name":"wp","href":"https:\/\/api.w.org\/{rel}","templated":true}]}}